{"id":97163,"date":"2022-01-10T10:09:23","date_gmt":"2022-01-10T09:09:23","guid":{"rendered":"https:\/\/www.fondazionecsc.it\/?page_id=97163"},"modified":"2022-01-31T09:51:51","modified_gmt":"2022-01-31T08:51:51","slug":"adriana-berselli-exhibition","status":"publish","type":"page","link":"https:\/\/www.fondazionecsc.it\/en\/mostre-virtuali-biblioteca-luigi-chiarini\/adriana-berselli-exhibition\/","title":{"rendered":"Adriana Berselli Exhibition"},"content":{"rendered":"\n    <script>\n        jQuery(function() {\n        });\n    <\/script>\n<section id=\"c2i-breadcrumbs-page\" class=\"c2i-breadcrumbs\">\n    <div class=\"container-fluid\">\n        <div class=\"row\">\n            <div class=\"col-12\">\n                <div class=\"c2i-breadcrumbs-area\"><a href=\"https:\/\/www.fondazionecsc.it\/en\/\">Home<\/a> > Adriana Berselli Exhibition<\/div>\n            <\/div>\n        <\/div>\n    <\/div>\n<\/section>\n\n<div class=\"wp-bootstrap-blocks-container container mb-2 row-line\">\n\t\n<div class=\"wp-bootstrap-blocks-row row\">\n\t\n\n<div class=\"col-12\">\n\t\t\t\t<\/div>\n\n<\/div>\n\n<\/div>\n\n\n\n<p><\/p>\n\n\n\r\n            <script>\r\n                jQuery(function() {\r\n                });\r\n            <\/script>\r\n        <section class=\"c2i-titolo\">\r\n            <div class=\"container\">\r\n                <div class=\"row\">\r\n                    <div class=\"col-12\">\r\n                        <div class=\"c2i-titolo-container\">\r\n        <div class=\"c2i-titolo-title\"><h1>Adriana Berselli Exhibition<\/h1><\/div><div class=\"c2i-titolo-txt\"><p>An Italian costume designer\u00a0who worked in film, television, theatre and fashion.<br \/>\nThe personal exhibition on the work of Adriana Berselli in this website is extensive and in-depth.<\/p>\n<\/div>\r\n                        <\/div>\r\n                    <\/div>\r\n                <\/div>\r\n            <\/div>\r\n        <\/section>\n\n\n<div class=\"wp-block-image is-style-default\"><figure class=\"aligncenter size-large\"><img loading=\"lazy\" decoding=\"async\" width=\"685\" height=\"1024\" src=\"https:\/\/www.fondazionecsc.it\/wp-content\/uploads\/2022\/01\/0_Bozzetto-per-un-costume-del-personaggio-di-Nini-Tirabuscio-interpretato-da-Monica-Vitti_Nini-Tirabuscio-la-donna-che-invento-la-mossa-1970-685x1024.jpg\" alt=\"\" class=\"wp-image-96959\" srcset=\"https:\/\/www.fondazionecsc.it\/wp-content\/uploads\/2022\/01\/0_Bozzetto-per-un-costume-del-personaggio-di-Nini-Tirabuscio-interpretato-da-Monica-Vitti_Nini-Tirabuscio-la-donna-che-invento-la-mossa-1970-685x1024.jpg 685w, https:\/\/www.fondazionecsc.it\/wp-content\/uploads\/2022\/01\/0_Bozzetto-per-un-costume-del-personaggio-di-Nini-Tirabuscio-interpretato-da-Monica-Vitti_Nini-Tirabuscio-la-donna-che-invento-la-mossa-1970-600x896.jpg 600w, https:\/\/www.fondazionecsc.it\/wp-content\/uploads\/2022\/01\/0_Bozzetto-per-un-costume-del-personaggio-di-Nini-Tirabuscio-interpretato-da-Monica-Vitti_Nini-Tirabuscio-la-donna-che-invento-la-mossa-1970-201x300.jpg 201w, https:\/\/www.fondazionecsc.it\/wp-content\/uploads\/2022\/01\/0_Bozzetto-per-un-costume-del-personaggio-di-Nini-Tirabuscio-interpretato-da-Monica-Vitti_Nini-Tirabuscio-la-donna-che-invento-la-mossa-1970-768x1147.jpg 768w, https:\/\/www.fondazionecsc.it\/wp-content\/uploads\/2022\/01\/0_Bozzetto-per-un-costume-del-personaggio-di-Nini-Tirabuscio-interpretato-da-Monica-Vitti_Nini-Tirabuscio-la-donna-che-invento-la-mossa-1970-1028x1536.jpg 1028w, https:\/\/www.fondazionecsc.it\/wp-content\/uploads\/2022\/01\/0_Bozzetto-per-un-costume-del-personaggio-di-Nini-Tirabuscio-interpretato-da-Monica-Vitti_Nini-Tirabuscio-la-donna-che-invento-la-mossa-1970-1371x2048.jpg 1371w, https:\/\/www.fondazionecsc.it\/wp-content\/uploads\/2022\/01\/0_Bozzetto-per-un-costume-del-personaggio-di-Nini-Tirabuscio-interpretato-da-Monica-Vitti_Nini-Tirabuscio-la-donna-che-invento-la-mossa-1970-40x60.jpg 40w, https:\/\/www.fondazionecsc.it\/wp-content\/uploads\/2022\/01\/0_Bozzetto-per-un-costume-del-personaggio-di-Nini-Tirabuscio-interpretato-da-Monica-Vitti_Nini-Tirabuscio-la-donna-che-invento-la-mossa-1970-60x90.jpg 60w, https:\/\/www.fondazionecsc.it\/wp-content\/uploads\/2022\/01\/0_Bozzetto-per-un-costume-del-personaggio-di-Nini-Tirabuscio-interpretato-da-Monica-Vitti_Nini-Tirabuscio-la-donna-che-invento-la-mossa-1970-scaled.jpg 1714w\" sizes=\"auto, (max-width: 685px) 100vw, 685px\" \/><figcaption>Sketch for a costume of the character of Nin\u00ec Tirabusi\u00f2, played by Monica Vitti &#8211; <br>Nin\u00ec Tirabusi\u00f2, la donna che invent\u00f2 la mossa1970 move<\/figcaption><\/figure><\/div>\n\n\n\n    <script>\n        jQuery(function() {\n        });\n    <\/script>\n<section class=\"c2i-testo c2i-testo-big c2i-testo-center\">\n    <div class=\"container\">\n        <div class=\"row\">\n            <div class=\"col-12\">\n\n            <\/div>\n        <\/div>\n    <\/div>\n<\/section>\n\n\n<div style=\"height:100px\" aria-hidden=\"true\" class=\"wp-block-spacer\"><\/div>\n\n\n<div class=\"wp-bootstrap-blocks-container container mb-2 row-line\">\n\t\n<div class=\"wp-bootstrap-blocks-row row\">\n\t\n\n<div class=\"col-12 col-md-3\">\n\t\t\t\n\n    <script>\n        jQuery(function() {\n        });\n    <\/script>\n<section class=\"c2i-testo c2i-testo-normal\">\n    <div class=\"container\">\n        <div class=\"row\">\n            <div class=\"col-12\">\n<div class=\"c2i-testo-title\"><p><a href=\"https:\/\/www.fondazionecsc.it\/en\/mostra\/biography-of-adriana-berselli\/\"><img loading=\"lazy\" decoding=\"async\" class=\"alignnone wp-image-36040\" src=\"https:\/\/www.fondazionecsc.it\/wp-content\/uploads\/2019\/12\/Fondo-Adriana-Berselli-300x221.jpg\" alt=\"La costumista Adriana Berselli\" width=\"300\" height=\"221\" srcset=\"https:\/\/www.fondazionecsc.it\/wp-content\/uploads\/2019\/12\/Fondo-Adriana-Berselli-300x221.jpg 300w, https:\/\/www.fondazionecsc.it\/wp-content\/uploads\/2019\/12\/Fondo-Adriana-Berselli-600x442.jpg 600w, https:\/\/www.fondazionecsc.it\/wp-content\/uploads\/2019\/12\/Fondo-Adriana-Berselli-768x566.jpg 768w, https:\/\/www.fondazionecsc.it\/wp-content\/uploads\/2019\/12\/Fondo-Adriana-Berselli-1024x755.jpg 1024w\" sizes=\"auto, (max-width: 300px) 100vw, 300px\" \/><\/a><\/p>\n<h2 style=\"text-align: center\"><a href=\"https:\/\/www.fondazionecsc.it\/en\/mostra\/biography-of-adriana-berselli\/\">Biography<\/a><\/h2>\n<\/div>\n            <\/div>\n        <\/div>\n    <\/div>\n<\/section>\n\t<\/div>\n\n\n\n<div class=\"col-12 col-md-3\">\n\t\t\t\n\n    <script>\n        jQuery(function() {\n        });\n    <\/script>\n<section class=\"c2i-testo c2i-testo-normal\">\n    <div class=\"container\">\n        <div class=\"row\">\n            <div class=\"col-12\">\n<div class=\"c2i-testo-title\"><h2 style=\"text-align: center\"><img loading=\"lazy\" decoding=\"async\" class=\"alignnone size-medium wp-image-97686\" src=\"https:\/\/www.fondazionecsc.it\/wp-content\/uploads\/2022\/01\/bozzetti-1-300x201.jpg\" alt=\"Un bozzetto di Adriana Berselli\" width=\"300\" height=\"201\" srcset=\"https:\/\/www.fondazionecsc.it\/wp-content\/uploads\/2022\/01\/bozzetti-1-300x201.jpg 300w, https:\/\/www.fondazionecsc.it\/wp-content\/uploads\/2022\/01\/bozzetti-1-600x402.jpg 600w, https:\/\/www.fondazionecsc.it\/wp-content\/uploads\/2022\/01\/bozzetti-1.jpg 720w\" sizes=\"auto, (max-width: 300px) 100vw, 300px\" \/><\/h2>\n<h2 style=\"text-align: center\"><a href=\"https:\/\/www.fondazionecsc.it\/en\/mostra\/adriana-berselli-exhibition\/\">\u00a0Costumes sketch<\/a><\/h2>\n<\/div>\n            <\/div>\n        <\/div>\n    <\/div>\n<\/section>\n\t<\/div>\n\n\n\n<div class=\"col-12 col-md-3\">\n\t\t\t\n\n    <script>\n        jQuery(function() {\n        });\n    <\/script>\n<section class=\"c2i-testo c2i-testo-normal\">\n    <div class=\"container\">\n        <div class=\"row\">\n            <div class=\"col-12\">\n<div class=\"c2i-testo-title\"><h2 style=\"text-align: center\"><a href=\"https:\/\/www.fondazionecsc.it\/en\/mostra\/adriana-berselli\u2026rografia-e-altro\/\"><img loading=\"lazy\" decoding=\"async\" class=\"alignnone wp-image-36752\" src=\"https:\/\/www.fondazionecsc.it\/wp-content\/uploads\/2019\/12\/Lavventura-di-Michelangelo-Antonioni-300x170.jpg\" alt=\"L'avventura, di Michelangelo Antonioni\" width=\"300\" height=\"170\" srcset=\"https:\/\/www.fondazionecsc.it\/wp-content\/uploads\/2019\/12\/Lavventura-di-Michelangelo-Antonioni-300x170.jpg 300w, https:\/\/www.fondazionecsc.it\/wp-content\/uploads\/2019\/12\/Lavventura-di-Michelangelo-Antonioni-600x339.jpg 600w, https:\/\/www.fondazionecsc.it\/wp-content\/uploads\/2019\/12\/Lavventura-di-Michelangelo-Antonioni.jpg 709w\" sizes=\"auto, (max-width: 300px) 100vw, 300px\" \/><\/a><\/h2>\n<h2 style=\"text-align: center\"><a href=\"https:\/\/www.fondazionecsc.it\/en\/mostra\/adriana-berselli-filmografia-teatrografia-e-altro\/\">Film, Theatre and other works<\/a><\/h2>\n<\/div>\n            <\/div>\n        <\/div>\n    <\/div>\n<\/section>\n\t<\/div>\n\n\n\n<div class=\"col-12 col-md-3\">\n\t\t\t\n\n    <script>\n        jQuery(function() {\n        });\n    <\/script>\n<section class=\"c2i-testo c2i-testo-normal\">\n    <div class=\"container\">\n        <div class=\"row\">\n            <div class=\"col-12\">\n<div class=\"c2i-testo-title\"><p><img loading=\"lazy\" decoding=\"async\" class=\"wp-image-97688 size-medium aligncenter\" src=\"https:\/\/www.fondazionecsc.it\/wp-content\/uploads\/2022\/01\/adri-300x168.jpg\" alt=\"Adriana Berselli\" width=\"300\" height=\"168\" srcset=\"https:\/\/www.fondazionecsc.it\/wp-content\/uploads\/2022\/01\/adri-300x168.jpg 300w, https:\/\/www.fondazionecsc.it\/wp-content\/uploads\/2022\/01\/adri-600x336.jpg 600w, https:\/\/www.fondazionecsc.it\/wp-content\/uploads\/2022\/01\/adri.jpg 605w\" sizes=\"auto, (max-width: 300px) 100vw, 300px\" \/><\/p>\n<h2 style=\"text-align: center\"><a href=\"https:\/\/www.fondazionecsc.it\/en\/film\/adriana-berselli-at-csc-as-part-of-the-inspired-by-the-archives-week-14-03-2016\/\">Adriana Berselli at CSC, as part of the &#8216;Inspired by the Archives&#8217; Week (14\/03\/2016)<\/a><\/h2>\n<\/div>\n            <\/div>\n        <\/div>\n    <\/div>\n<\/section>\n\t<\/div>\n\n<\/div>\n\n<\/div>\n\n\n\n<p><\/p>\n","protected":false},"excerpt":{"rendered":"","protected":false},"author":5,"featured_media":0,"parent":39570,"menu_order":0,"comment_status":"closed","ping_status":"closed","template":"page-templates\/fullwidthpage.php","meta":{"_acf_changed":false,"footnotes":""},"settore":[80],"class_list":["post-97163","page","type-page","status-publish","hentry","settore-biblioteca-en"],"acf":[],"yoast_head":"<!-- This site is optimized with the Yoast SEO plugin v27.5 - https:\/\/yoast.com\/product\/yoast-seo-wordpress\/ -->\n<title>Adriana Berselli Exhibition - Centro Sperimentale di Cinematografia<\/title>\n<meta name=\"description\" content=\"Sketch for a costume of the character of Nin\u00ec Tirabusi\u00f2, played by Monica Vitti - Nin\u00ec Tirabusi\u00f2, la donna che invent\u00f2 la mossa1970 move\" \/>\n<meta name=\"robots\" content=\"index, follow, max-snippet:-1, max-image-preview:large, max-video-preview:-1\" \/>\n<link rel=\"canonical\" href=\"https:\/\/www.fondazionecsc.it\/en\/mostre-virtuali-biblioteca-luigi-chiarini\/adriana-berselli-exhibition\/\" \/>\n<meta property=\"og:locale\" content=\"en_US\" \/>\n<meta property=\"og:type\" content=\"article\" \/>\n<meta property=\"og:title\" content=\"Adriana Berselli Exhibition - Centro Sperimentale di Cinematografia\" \/>\n<meta property=\"og:description\" content=\"Sketch for a costume of the character of Nin\u00ec Tirabusi\u00f2, played by Monica Vitti - Nin\u00ec Tirabusi\u00f2, la donna che invent\u00f2 la mossa1970 move\" \/>\n<meta property=\"og:url\" content=\"https:\/\/www.fondazionecsc.it\/en\/mostre-virtuali-biblioteca-luigi-chiarini\/adriana-berselli-exhibition\/\" \/>\n<meta property=\"og:site_name\" content=\"Centro Sperimentale di Cinematografia\" \/>\n<meta property=\"article:modified_time\" content=\"2022-01-31T08:51:51+00:00\" \/>\n<meta property=\"og:image\" content=\"https:\/\/www.fondazionecsc.it\/wp-content\/uploads\/2022\/01\/0_Bozzetto-per-un-costume-del-personaggio-di-Nini-Tirabuscio-interpretato-da-Monica-Vitti_Nini-Tirabuscio-la-donna-che-invento-la-mossa-1970-685x1024.jpg\" \/>\n<meta name=\"twitter:card\" content=\"summary_large_image\" \/>\n<meta name=\"twitter:label1\" content=\"Est. reading time\" \/>\n\t<meta name=\"twitter:data1\" content=\"1 minute\" \/>\n<script type=\"application\/ld+json\" class=\"yoast-schema-graph\">{\"@context\":\"https:\\\/\\\/schema.org\",\"@graph\":[{\"@type\":\"WebPage\",\"@id\":\"https:\\\/\\\/www.fondazionecsc.it\\\/en\\\/mostre-virtuali-biblioteca-luigi-chiarini\\\/adriana-berselli-exhibition\\\/\",\"url\":\"https:\\\/\\\/www.fondazionecsc.it\\\/en\\\/mostre-virtuali-biblioteca-luigi-chiarini\\\/adriana-berselli-exhibition\\\/\",\"name\":\"Adriana Berselli Exhibition - Centro Sperimentale di Cinematografia\",\"isPartOf\":{\"@id\":\"https:\\\/\\\/www.fondazionecsc.it\\\/en\\\/#website\"},\"primaryImageOfPage\":{\"@id\":\"https:\\\/\\\/www.fondazionecsc.it\\\/en\\\/mostre-virtuali-biblioteca-luigi-chiarini\\\/adriana-berselli-exhibition\\\/#primaryimage\"},\"image\":{\"@id\":\"https:\\\/\\\/www.fondazionecsc.it\\\/en\\\/mostre-virtuali-biblioteca-luigi-chiarini\\\/adriana-berselli-exhibition\\\/#primaryimage\"},\"thumbnailUrl\":\"https:\\\/\\\/www.fondazionecsc.it\\\/wp-content\\\/uploads\\\/2022\\\/01\\\/0_Bozzetto-per-un-costume-del-personaggio-di-Nini-Tirabuscio-interpretato-da-Monica-Vitti_Nini-Tirabuscio-la-donna-che-invento-la-mossa-1970-685x1024.jpg\",\"datePublished\":\"2022-01-10T09:09:23+00:00\",\"dateModified\":\"2022-01-31T08:51:51+00:00\",\"description\":\"Sketch for a costume of the character of Nin\u00ec Tirabusi\u00f2, played by Monica Vitti - Nin\u00ec Tirabusi\u00f2, la donna che invent\u00f2 la mossa1970 move\",\"breadcrumb\":{\"@id\":\"https:\\\/\\\/www.fondazionecsc.it\\\/en\\\/mostre-virtuali-biblioteca-luigi-chiarini\\\/adriana-berselli-exhibition\\\/#breadcrumb\"},\"inLanguage\":\"en-US\",\"potentialAction\":[{\"@type\":\"ReadAction\",\"target\":[\"https:\\\/\\\/www.fondazionecsc.it\\\/en\\\/mostre-virtuali-biblioteca-luigi-chiarini\\\/adriana-berselli-exhibition\\\/\"]}]},{\"@type\":\"ImageObject\",\"inLanguage\":\"en-US\",\"@id\":\"https:\\\/\\\/www.fondazionecsc.it\\\/en\\\/mostre-virtuali-biblioteca-luigi-chiarini\\\/adriana-berselli-exhibition\\\/#primaryimage\",\"url\":\"https:\\\/\\\/www.fondazionecsc.it\\\/wp-content\\\/uploads\\\/2022\\\/01\\\/0_Bozzetto-per-un-costume-del-personaggio-di-Nini-Tirabuscio-interpretato-da-Monica-Vitti_Nini-Tirabuscio-la-donna-che-invento-la-mossa-1970-685x1024.jpg\",\"contentUrl\":\"https:\\\/\\\/www.fondazionecsc.it\\\/wp-content\\\/uploads\\\/2022\\\/01\\\/0_Bozzetto-per-un-costume-del-personaggio-di-Nini-Tirabuscio-interpretato-da-Monica-Vitti_Nini-Tirabuscio-la-donna-che-invento-la-mossa-1970-685x1024.jpg\"},{\"@type\":\"BreadcrumbList\",\"@id\":\"https:\\\/\\\/www.fondazionecsc.it\\\/en\\\/mostre-virtuali-biblioteca-luigi-chiarini\\\/adriana-berselli-exhibition\\\/#breadcrumb\",\"itemListElement\":[{\"@type\":\"ListItem\",\"position\":1,\"name\":\"Home\",\"item\":\"https:\\\/\\\/www.fondazionecsc.it\\\/en\\\/\"},{\"@type\":\"ListItem\",\"position\":2,\"name\":\"Mostre virtuali &#8211; Biblioteca Luigi Chiarini\",\"item\":\"https:\\\/\\\/www.fondazionecsc.it\\\/en\\\/mostre-virtuali-biblioteca-luigi-chiarini\\\/\"},{\"@type\":\"ListItem\",\"position\":3,\"name\":\"Adriana Berselli Exhibition\"}]},{\"@type\":\"WebSite\",\"@id\":\"https:\\\/\\\/www.fondazionecsc.it\\\/en\\\/#website\",\"url\":\"https:\\\/\\\/www.fondazionecsc.it\\\/en\\\/\",\"name\":\"Centro Sperimentale di Cinematografia\",\"description\":\"\",\"potentialAction\":[{\"@type\":\"SearchAction\",\"target\":{\"@type\":\"EntryPoint\",\"urlTemplate\":\"https:\\\/\\\/www.fondazionecsc.it\\\/en\\\/?s={search_term_string}\"},\"query-input\":{\"@type\":\"PropertyValueSpecification\",\"valueRequired\":true,\"valueName\":\"search_term_string\"}}],\"inLanguage\":\"en-US\"}]}<\/script>\n<!-- \/ Yoast SEO plugin. -->","yoast_head_json":{"title":"Adriana Berselli Exhibition - Centro Sperimentale di Cinematografia","description":"Sketch for a costume of the character of Nin\u00ec Tirabusi\u00f2, played by Monica Vitti - Nin\u00ec Tirabusi\u00f2, la donna che invent\u00f2 la mossa1970 move","robots":{"index":"index","follow":"follow","max-snippet":"max-snippet:-1","max-image-preview":"max-image-preview:large","max-video-preview":"max-video-preview:-1"},"canonical":"https:\/\/www.fondazionecsc.it\/en\/mostre-virtuali-biblioteca-luigi-chiarini\/adriana-berselli-exhibition\/","og_locale":"en_US","og_type":"article","og_title":"Adriana Berselli Exhibition - Centro Sperimentale di Cinematografia","og_description":"Sketch for a costume of the character of Nin\u00ec Tirabusi\u00f2, played by Monica Vitti - Nin\u00ec Tirabusi\u00f2, la donna che invent\u00f2 la mossa1970 move","og_url":"https:\/\/www.fondazionecsc.it\/en\/mostre-virtuali-biblioteca-luigi-chiarini\/adriana-berselli-exhibition\/","og_site_name":"Centro Sperimentale di Cinematografia","article_modified_time":"2022-01-31T08:51:51+00:00","og_image":[{"url":"https:\/\/www.fondazionecsc.it\/wp-content\/uploads\/2022\/01\/0_Bozzetto-per-un-costume-del-personaggio-di-Nini-Tirabuscio-interpretato-da-Monica-Vitti_Nini-Tirabuscio-la-donna-che-invento-la-mossa-1970-685x1024.jpg","type":"","width":"","height":""}],"twitter_card":"summary_large_image","twitter_misc":{"Est. reading time":"1 minute"},"schema":{"@context":"https:\/\/schema.org","@graph":[{"@type":"WebPage","@id":"https:\/\/www.fondazionecsc.it\/en\/mostre-virtuali-biblioteca-luigi-chiarini\/adriana-berselli-exhibition\/","url":"https:\/\/www.fondazionecsc.it\/en\/mostre-virtuali-biblioteca-luigi-chiarini\/adriana-berselli-exhibition\/","name":"Adriana Berselli Exhibition - Centro Sperimentale di Cinematografia","isPartOf":{"@id":"https:\/\/www.fondazionecsc.it\/en\/#website"},"primaryImageOfPage":{"@id":"https:\/\/www.fondazionecsc.it\/en\/mostre-virtuali-biblioteca-luigi-chiarini\/adriana-berselli-exhibition\/#primaryimage"},"image":{"@id":"https:\/\/www.fondazionecsc.it\/en\/mostre-virtuali-biblioteca-luigi-chiarini\/adriana-berselli-exhibition\/#primaryimage"},"thumbnailUrl":"https:\/\/www.fondazionecsc.it\/wp-content\/uploads\/2022\/01\/0_Bozzetto-per-un-costume-del-personaggio-di-Nini-Tirabuscio-interpretato-da-Monica-Vitti_Nini-Tirabuscio-la-donna-che-invento-la-mossa-1970-685x1024.jpg","datePublished":"2022-01-10T09:09:23+00:00","dateModified":"2022-01-31T08:51:51+00:00","description":"Sketch for a costume of the character of Nin\u00ec Tirabusi\u00f2, played by Monica Vitti - Nin\u00ec Tirabusi\u00f2, la donna che invent\u00f2 la mossa1970 move","breadcrumb":{"@id":"https:\/\/www.fondazionecsc.it\/en\/mostre-virtuali-biblioteca-luigi-chiarini\/adriana-berselli-exhibition\/#breadcrumb"},"inLanguage":"en-US","potentialAction":[{"@type":"ReadAction","target":["https:\/\/www.fondazionecsc.it\/en\/mostre-virtuali-biblioteca-luigi-chiarini\/adriana-berselli-exhibition\/"]}]},{"@type":"ImageObject","inLanguage":"en-US","@id":"https:\/\/www.fondazionecsc.it\/en\/mostre-virtuali-biblioteca-luigi-chiarini\/adriana-berselli-exhibition\/#primaryimage","url":"https:\/\/www.fondazionecsc.it\/wp-content\/uploads\/2022\/01\/0_Bozzetto-per-un-costume-del-personaggio-di-Nini-Tirabuscio-interpretato-da-Monica-Vitti_Nini-Tirabuscio-la-donna-che-invento-la-mossa-1970-685x1024.jpg","contentUrl":"https:\/\/www.fondazionecsc.it\/wp-content\/uploads\/2022\/01\/0_Bozzetto-per-un-costume-del-personaggio-di-Nini-Tirabuscio-interpretato-da-Monica-Vitti_Nini-Tirabuscio-la-donna-che-invento-la-mossa-1970-685x1024.jpg"},{"@type":"BreadcrumbList","@id":"https:\/\/www.fondazionecsc.it\/en\/mostre-virtuali-biblioteca-luigi-chiarini\/adriana-berselli-exhibition\/#breadcrumb","itemListElement":[{"@type":"ListItem","position":1,"name":"Home","item":"https:\/\/www.fondazionecsc.it\/en\/"},{"@type":"ListItem","position":2,"name":"Mostre virtuali &#8211; Biblioteca Luigi Chiarini","item":"https:\/\/www.fondazionecsc.it\/en\/mostre-virtuali-biblioteca-luigi-chiarini\/"},{"@type":"ListItem","position":3,"name":"Adriana Berselli Exhibition"}]},{"@type":"WebSite","@id":"https:\/\/www.fondazionecsc.it\/en\/#website","url":"https:\/\/www.fondazionecsc.it\/en\/","name":"Centro Sperimentale di Cinematografia","description":"","potentialAction":[{"@type":"SearchAction","target":{"@type":"EntryPoint","urlTemplate":"https:\/\/www.fondazionecsc.it\/en\/?s={search_term_string}"},"query-input":{"@type":"PropertyValueSpecification","valueRequired":true,"valueName":"search_term_string"}}],"inLanguage":"en-US"}]}},"_links":{"self":[{"href":"https:\/\/www.fondazionecsc.it\/en\/wp-json\/wp\/v2\/pages\/97163","targetHints":{"allow":["GET"]}}],"collection":[{"href":"https:\/\/www.fondazionecsc.it\/en\/wp-json\/wp\/v2\/pages"}],"about":[{"href":"https:\/\/www.fondazionecsc.it\/en\/wp-json\/wp\/v2\/types\/page"}],"author":[{"embeddable":true,"href":"https:\/\/www.fondazionecsc.it\/en\/wp-json\/wp\/v2\/users\/5"}],"replies":[{"embeddable":true,"href":"https:\/\/www.fondazionecsc.it\/en\/wp-json\/wp\/v2\/comments?post=97163"}],"version-history":[{"count":92,"href":"https:\/\/www.fondazionecsc.it\/en\/wp-json\/wp\/v2\/pages\/97163\/revisions"}],"predecessor-version":[{"id":98259,"href":"https:\/\/www.fondazionecsc.it\/en\/wp-json\/wp\/v2\/pages\/97163\/revisions\/98259"}],"up":[{"embeddable":true,"href":"https:\/\/www.fondazionecsc.it\/en\/wp-json\/wp\/v2\/pages\/39570"}],"wp:attachment":[{"href":"https:\/\/www.fondazionecsc.it\/en\/wp-json\/wp\/v2\/media?parent=97163"}],"wp:term":[{"taxonomy":"settore","embeddable":true,"href":"https:\/\/www.fondazionecsc.it\/en\/wp-json\/wp\/v2\/settore?post=97163"}],"curies":[{"name":"wp","href":"https:\/\/api.w.org\/{rel}","templated":true}]}}