{"id":39606,"date":"2019-11-28T15:00:42","date_gmt":"2019-11-28T14:00:42","guid":{"rendered":"http:\/\/www.fondazionecsc.it\/mostre-virtuali-biblioteca-luigi-chiarini\/mostre-di-moda-e-costume\/"},"modified":"2020-04-24T12:11:45","modified_gmt":"2020-04-24T10:11:45","slug":"mostre-di-moda-e-costume","status":"publish","type":"page","link":"https:\/\/www.fondazionecsc.it\/en\/mostre-virtuali-biblioteca-luigi-chiarini\/mostre-di-moda-e-costume\/","title":{"rendered":"Display of fashion and costumes \u00a0"},"content":{"rendered":"\n    <script>\n        jQuery(function() {\n        });\n    <\/script>\n<section id=\"c2i-breadcrumbs-page\" class=\"c2i-breadcrumbs\">\n    <div class=\"container-fluid\">\n        <div class=\"row\">\n            <div class=\"col-12\">\n                <div class=\"c2i-breadcrumbs-area\"><a href=\"https:\/\/www.fondazionecsc.it\/en\/\">Home<\/a> > Display of fashion and costumes \u00a0<\/div>\n            <\/div>\n        <\/div>\n    <\/div>\n<\/section>\n\n\r\n            <script>\r\n                jQuery(function() {\r\n                });\r\n            <\/script>\r\n        <section class=\"c2i-titolo\">\r\n            <div class=\"container\">\r\n                <div class=\"row\">\r\n                    <div class=\"col-12\">\r\n                        <div class=\"c2i-titolo-container\">\r\n        <div class=\"c2i-titolo-title\"><h1>Display of fashion and costumes<\/h1><\/div><div class=\"c2i-titolo-txt\"><p>The\u00a0<em>Luigi Chiarini Library<\/em> contains a large section dedicated to <em>Fashion and Costumes<\/em>, which consists of over a thousand bibliographical documents. It was originally set up to provide educational material to meet the specific needs of students on the Costume and Scenery course at the National Cinema School. However, over the years, the section has also been increasingly used by costume designers already established in their professional field.<\/p>\n<\/div>\r\n                        <\/div>\r\n                    <\/div>\r\n                <\/div>\r\n            <\/div>\r\n        <\/section>\n\n\n    <script>\n        jQuery(function() {\n        });\n    <\/script>\n<section class=\"c2i-testo c2i-testo-big c2i-testo-center\">\n    <div class=\"container\">\n        <div class=\"row\">\n            <div class=\"col-12\">\n<div class=\"c2i-testo-title\"><p>A case is that of Antonella Balsamo, assistant costume-designer to Luigi Bonanno, who made prolific use of the bibliographical and in the Section when researching and creating costumes for the film <em>Baar\u00eca<\/em> by Giuseppe Tornatore (2009).<br \/>\nThe Section contains many richly-illustrated books and a large collection of fashion magazines representing this wonderful form of illustration, many of which are very rare and date back to the mid-1800s. They carry titles such as: <em>L&#8217;art et la mode. Journal de la vie mondaine;<\/em> <em>Corriere delle dame;<\/em> <em>Journal des demoiselles;<\/em> <em>La moda: giornale delle dame;\u00a0Margherita: giornale delle signore italiane;<\/em> <em>La moda illustrata: giornale settimanale illustrato per le famiglie;<\/em> <em>Les modes: revue mensuelle illustr\u00e9e des arts d\u00e9coratifs appliqu\u00e9s \u00e0 la femme;<\/em> <em>Le Moniteur de la mode<\/em>.<br \/>\nThe Section is also composed of bibliographical and documentary material from a variety of endowments, in particular the Adriana Berselli Collection, the Paolo Fama Collection, the Piero Tosi Collection and the Gino Carlo Sensani Collection. These make up a collection of rare volumes, related not just to theatre and film costumes and fashion over the centuries, but also to the history of art, to furniture, to the decorative and graphic arts, and to photography.<br \/>\nThere follows a selection of images taken from fashion books and magazines, which have been restored and digitally retouched to enhance their attraction.<\/p>\n<\/div>\n            <\/div>\n        <\/div>\n    <\/div>\n<\/section>\n\n\n<div style=\"height:100px\" aria-hidden=\"true\" class=\"wp-block-spacer\"><\/div>\n\n\n<div class=\"wp-bootstrap-blocks-container container mb-2 row-line\">\n\t\n<div class=\"wp-bootstrap-blocks-row row\">\n\t\n\n<div class=\"col-12 col-md-4\">\n\t\t\t\n\n    <script>\n        jQuery(function() {\n        });\n    <\/script>\n<section class=\"c2i-testo c2i-testo-normal\">\n    <div class=\"container\">\n        <div class=\"row\">\n            <div class=\"col-12\">\n<div class=\"c2i-testo-title\"><h2 style=\"text-align: center\"><a href=\"https:\/\/www.fondazionecsc.it\/en\/mostra\/corriere-delle-dame\/\">Corriere delle dame<\/a><\/h2>\n<\/div>\n            <\/div>\n        <\/div>\n    <\/div>\n<\/section>\n\t<\/div>\n\n\n\n<div class=\"col-12 col-md-4\">\n\t\t\t\n\n    <script>\n        jQuery(function() {\n        });\n    <\/script>\n<section class=\"c2i-testo c2i-testo-normal\">\n    <div class=\"container\">\n        <div class=\"row\">\n            <div class=\"col-12\">\n<div class=\"c2i-testo-title\"><h2 style=\"text-align: center\"><a href=\"https:\/\/www.fondazionecsc.it\/en\/mostra\/les-modes-revue-mensuelle-illustree-des-arts-decoratifs-appliques-a-la-femme\/\">Les modes: revue mensuelle illustr\u00e9e des arts d\u00e9coratifs appliqu\u00e9s \u00e0 la femme<\/a><\/h2>\n<\/div>\n            <\/div>\n        <\/div>\n    <\/div>\n<\/section>\n\t<\/div>\n\n\n\n<div class=\"col-12 col-md-4\">\n\t\t\t\n\n    <script>\n        jQuery(function() {\n        });\n    <\/script>\n<section class=\"c2i-testo c2i-testo-normal\">\n    <div class=\"container\">\n        <div class=\"row\">\n            <div class=\"col-12\">\n<div class=\"c2i-testo-title\"><h2 style=\"text-align: center\"><a href=\"mostra\/le-moniteur-de-la-mode\/\">Le Moniteur de la mode<\/a><\/h2>\n<\/div>\n            <\/div>\n        <\/div>\n    <\/div>\n<\/section>\n\t<\/div>\n\n<\/div>\n\n<\/div>\n\n\n<div class=\"wp-bootstrap-blocks-container container mb-2 row-line\">\n\t\n<div class=\"wp-bootstrap-blocks-row row\">\n\t\n\n<div class=\"col-12 col-md-4\">\n\t\t\t\n\n    <script>\n        jQuery(function() {\n        });\n    <\/script>\n<section class=\"c2i-testo c2i-testo-normal\">\n    <div class=\"container\">\n        <div class=\"row\">\n            <div class=\"col-12\">\n<div class=\"c2i-testo-title\"><h2 style=\"text-align: center\"><a href=\"https:\/\/www.fondazionecsc.it\/en\/mostra\/la-moda-giornale-delle-dame\/\">La moda: giornale delle dame<\/a><\/h2>\n<\/div>\n            <\/div>\n        <\/div>\n    <\/div>\n<\/section>\n\t<\/div>\n\n\n\n<div class=\"col-12 col-md-4\">\n\t\t\t\n\n    <script>\n        jQuery(function() {\n        });\n    <\/script>\n<section class=\"c2i-testo c2i-testo-normal\">\n    <div class=\"container\">\n        <div class=\"row\">\n            <div class=\"col-12\">\n<div class=\"c2i-testo-title\"><h2 style=\"text-align: center\"><a href=\"https:\/\/www.fondazionecsc.it\/en\/mostra\/i-disegni-di-cesare-vecellio-dal-libro-costumes-anciens-et-modernes\/\">The designs of Cesare Vecelli\u00a0 from the book\u00a0 Costumes anciens et modernes<\/a><\/h2>\n<\/div>\n            <\/div>\n        <\/div>\n    <\/div>\n<\/section>\n\t<\/div>\n\n\n\n<div class=\"col-12 col-md-4\">\n\t\t\t\n\n    <script>\n        jQuery(function() {\n        });\n    <\/script>\n<section class=\"c2i-testo c2i-testo-normal\">\n    <div class=\"container\">\n        <div class=\"row\">\n            <div class=\"col-12\">\n<div class=\"c2i-testo-title\"><h2 style=\"text-align: center\"><a href=\"https:\/\/www.fondazionecsc.it\/en\/mostra\/raccolta-di-costumi-egizi-greci-romani-e-di-altre-nazioni\/\">Collection of costumes of Egyptian, Greek, Romans and the others countries<\/a><\/h2>\n<\/div>\n            <\/div>\n        <\/div>\n    <\/div>\n<\/section>\n\t<\/div>\n\n<\/div>\n\n\n\n<p><\/p>\n\n<\/div>\n\n\n<div class=\"wp-bootstrap-blocks-container container mb-2 row-line\">\n\t\n<div class=\"wp-bootstrap-blocks-row row\">\n\t\n\n<div class=\"col-12 col-md-4\">\n\t\t\t\t<\/div>\n\n\n\n<div class=\"col-12 col-md-4\">\n\t\t\t\n\n    <script>\n        jQuery(function() {\n        });\n    <\/script>\n<section class=\"c2i-testo c2i-testo-normal\">\n    <div class=\"container\">\n        <div class=\"row\">\n            <div class=\"col-12\">\n<div class=\"c2i-testo-title\"><h2 style=\"text-align: center\"><a href=\"https:\/\/www.fondazionecsc.it\/en\/mostra\/fondo-paolo-fama\/\">Paolo Fama\u00a0 Collection<\/a><\/h2>\n<\/div>\n            <\/div>\n        <\/div>\n    <\/div>\n<\/section>\n\t<\/div>\n\n\n\n<div class=\"col-12 col-md-4\">\n\t\t\t\t<\/div>\n\n<\/div>\n\n\n\n<p><\/p>\n\n<\/div>\n\n\n\n<p><\/p>\n","protected":false},"excerpt":{"rendered":"","protected":false},"author":2,"featured_media":39607,"parent":39570,"menu_order":0,"comment_status":"closed","ping_status":"closed","template":"page-templates\/fullwidthpage.php","meta":{"_acf_changed":false,"footnotes":""},"settore":[80],"class_list":["post-39606","page","type-page","status-publish","has-post-thumbnail","hentry","settore-biblioteca-en"],"acf":[],"yoast_head":"<!-- This site is optimized with the Yoast SEO plugin v27.5 - https:\/\/yoast.com\/product\/yoast-seo-wordpress\/ -->\n<title>Display of fashion and costumes \u00a0 - Centro Sperimentale di Cinematografia<\/title>\n<meta name=\"robots\" content=\"index, follow, max-snippet:-1, max-image-preview:large, max-video-preview:-1\" \/>\n<link rel=\"canonical\" href=\"https:\/\/www.fondazionecsc.it\/en\/mostre-virtuali-biblioteca-luigi-chiarini\/mostre-di-moda-e-costume\/\" \/>\n<meta property=\"og:locale\" content=\"en_US\" \/>\n<meta property=\"og:type\" content=\"article\" \/>\n<meta property=\"og:title\" content=\"Display of fashion and costumes \u00a0 - Centro Sperimentale di Cinematografia\" \/>\n<meta property=\"og:url\" content=\"https:\/\/www.fondazionecsc.it\/en\/mostre-virtuali-biblioteca-luigi-chiarini\/mostre-di-moda-e-costume\/\" \/>\n<meta property=\"og:site_name\" content=\"Centro Sperimentale di Cinematografia\" \/>\n<meta property=\"article:modified_time\" content=\"2020-04-24T10:11:45+00:00\" \/>\n<meta property=\"og:image\" content=\"https:\/\/www.fondazionecsc.it\/wp-content\/uploads\/2019\/11\/La-moda-giornale-delle-dame_1.jpg\" \/>\n\t<meta property=\"og:image:width\" content=\"1051\" \/>\n\t<meta property=\"og:image:height\" content=\"750\" \/>\n\t<meta property=\"og:image:type\" content=\"image\/jpeg\" \/>\n<meta name=\"twitter:card\" content=\"summary_large_image\" \/>\n<script type=\"application\/ld+json\" class=\"yoast-schema-graph\">{\"@context\":\"https:\\\/\\\/schema.org\",\"@graph\":[{\"@type\":\"WebPage\",\"@id\":\"https:\\\/\\\/www.fondazionecsc.it\\\/en\\\/mostre-virtuali-biblioteca-luigi-chiarini\\\/mostre-di-moda-e-costume\\\/\",\"url\":\"https:\\\/\\\/www.fondazionecsc.it\\\/en\\\/mostre-virtuali-biblioteca-luigi-chiarini\\\/mostre-di-moda-e-costume\\\/\",\"name\":\"Display of fashion and costumes \u00a0 - Centro Sperimentale di Cinematografia\",\"isPartOf\":{\"@id\":\"https:\\\/\\\/www.fondazionecsc.it\\\/en\\\/#website\"},\"primaryImageOfPage\":{\"@id\":\"https:\\\/\\\/www.fondazionecsc.it\\\/en\\\/mostre-virtuali-biblioteca-luigi-chiarini\\\/mostre-di-moda-e-costume\\\/#primaryimage\"},\"image\":{\"@id\":\"https:\\\/\\\/www.fondazionecsc.it\\\/en\\\/mostre-virtuali-biblioteca-luigi-chiarini\\\/mostre-di-moda-e-costume\\\/#primaryimage\"},\"thumbnailUrl\":\"https:\\\/\\\/www.fondazionecsc.it\\\/wp-content\\\/uploads\\\/2019\\\/11\\\/La-moda-giornale-delle-dame_1.jpg\",\"datePublished\":\"2019-11-28T14:00:42+00:00\",\"dateModified\":\"2020-04-24T10:11:45+00:00\",\"breadcrumb\":{\"@id\":\"https:\\\/\\\/www.fondazionecsc.it\\\/en\\\/mostre-virtuali-biblioteca-luigi-chiarini\\\/mostre-di-moda-e-costume\\\/#breadcrumb\"},\"inLanguage\":\"en-US\",\"potentialAction\":[{\"@type\":\"ReadAction\",\"target\":[\"https:\\\/\\\/www.fondazionecsc.it\\\/en\\\/mostre-virtuali-biblioteca-luigi-chiarini\\\/mostre-di-moda-e-costume\\\/\"]}]},{\"@type\":\"ImageObject\",\"inLanguage\":\"en-US\",\"@id\":\"https:\\\/\\\/www.fondazionecsc.it\\\/en\\\/mostre-virtuali-biblioteca-luigi-chiarini\\\/mostre-di-moda-e-costume\\\/#primaryimage\",\"url\":\"https:\\\/\\\/www.fondazionecsc.it\\\/wp-content\\\/uploads\\\/2019\\\/11\\\/La-moda-giornale-delle-dame_1.jpg\",\"contentUrl\":\"https:\\\/\\\/www.fondazionecsc.it\\\/wp-content\\\/uploads\\\/2019\\\/11\\\/La-moda-giornale-delle-dame_1.jpg\",\"width\":1051,\"height\":750},{\"@type\":\"BreadcrumbList\",\"@id\":\"https:\\\/\\\/www.fondazionecsc.it\\\/en\\\/mostre-virtuali-biblioteca-luigi-chiarini\\\/mostre-di-moda-e-costume\\\/#breadcrumb\",\"itemListElement\":[{\"@type\":\"ListItem\",\"position\":1,\"name\":\"Home\",\"item\":\"https:\\\/\\\/www.fondazionecsc.it\\\/en\\\/\"},{\"@type\":\"ListItem\",\"position\":2,\"name\":\"Mostre virtuali &#8211; Biblioteca Luigi Chiarini\",\"item\":\"https:\\\/\\\/www.fondazionecsc.it\\\/en\\\/mostre-virtuali-biblioteca-luigi-chiarini\\\/\"},{\"@type\":\"ListItem\",\"position\":3,\"name\":\"Display of fashion and costumes \u00a0\"}]},{\"@type\":\"WebSite\",\"@id\":\"https:\\\/\\\/www.fondazionecsc.it\\\/en\\\/#website\",\"url\":\"https:\\\/\\\/www.fondazionecsc.it\\\/en\\\/\",\"name\":\"Centro Sperimentale di Cinematografia\",\"description\":\"\",\"potentialAction\":[{\"@type\":\"SearchAction\",\"target\":{\"@type\":\"EntryPoint\",\"urlTemplate\":\"https:\\\/\\\/www.fondazionecsc.it\\\/en\\\/?s={search_term_string}\"},\"query-input\":{\"@type\":\"PropertyValueSpecification\",\"valueRequired\":true,\"valueName\":\"search_term_string\"}}],\"inLanguage\":\"en-US\"}]}<\/script>\n<!-- \/ Yoast SEO plugin. -->","yoast_head_json":{"title":"Display of fashion and costumes \u00a0 - Centro Sperimentale di Cinematografia","robots":{"index":"index","follow":"follow","max-snippet":"max-snippet:-1","max-image-preview":"max-image-preview:large","max-video-preview":"max-video-preview:-1"},"canonical":"https:\/\/www.fondazionecsc.it\/en\/mostre-virtuali-biblioteca-luigi-chiarini\/mostre-di-moda-e-costume\/","og_locale":"en_US","og_type":"article","og_title":"Display of fashion and costumes \u00a0 - Centro Sperimentale di Cinematografia","og_url":"https:\/\/www.fondazionecsc.it\/en\/mostre-virtuali-biblioteca-luigi-chiarini\/mostre-di-moda-e-costume\/","og_site_name":"Centro Sperimentale di Cinematografia","article_modified_time":"2020-04-24T10:11:45+00:00","og_image":[{"width":1051,"height":750,"url":"https:\/\/www.fondazionecsc.it\/wp-content\/uploads\/2019\/11\/La-moda-giornale-delle-dame_1.jpg","type":"image\/jpeg"}],"twitter_card":"summary_large_image","schema":{"@context":"https:\/\/schema.org","@graph":[{"@type":"WebPage","@id":"https:\/\/www.fondazionecsc.it\/en\/mostre-virtuali-biblioteca-luigi-chiarini\/mostre-di-moda-e-costume\/","url":"https:\/\/www.fondazionecsc.it\/en\/mostre-virtuali-biblioteca-luigi-chiarini\/mostre-di-moda-e-costume\/","name":"Display of fashion and costumes \u00a0 - Centro Sperimentale di Cinematografia","isPartOf":{"@id":"https:\/\/www.fondazionecsc.it\/en\/#website"},"primaryImageOfPage":{"@id":"https:\/\/www.fondazionecsc.it\/en\/mostre-virtuali-biblioteca-luigi-chiarini\/mostre-di-moda-e-costume\/#primaryimage"},"image":{"@id":"https:\/\/www.fondazionecsc.it\/en\/mostre-virtuali-biblioteca-luigi-chiarini\/mostre-di-moda-e-costume\/#primaryimage"},"thumbnailUrl":"https:\/\/www.fondazionecsc.it\/wp-content\/uploads\/2019\/11\/La-moda-giornale-delle-dame_1.jpg","datePublished":"2019-11-28T14:00:42+00:00","dateModified":"2020-04-24T10:11:45+00:00","breadcrumb":{"@id":"https:\/\/www.fondazionecsc.it\/en\/mostre-virtuali-biblioteca-luigi-chiarini\/mostre-di-moda-e-costume\/#breadcrumb"},"inLanguage":"en-US","potentialAction":[{"@type":"ReadAction","target":["https:\/\/www.fondazionecsc.it\/en\/mostre-virtuali-biblioteca-luigi-chiarini\/mostre-di-moda-e-costume\/"]}]},{"@type":"ImageObject","inLanguage":"en-US","@id":"https:\/\/www.fondazionecsc.it\/en\/mostre-virtuali-biblioteca-luigi-chiarini\/mostre-di-moda-e-costume\/#primaryimage","url":"https:\/\/www.fondazionecsc.it\/wp-content\/uploads\/2019\/11\/La-moda-giornale-delle-dame_1.jpg","contentUrl":"https:\/\/www.fondazionecsc.it\/wp-content\/uploads\/2019\/11\/La-moda-giornale-delle-dame_1.jpg","width":1051,"height":750},{"@type":"BreadcrumbList","@id":"https:\/\/www.fondazionecsc.it\/en\/mostre-virtuali-biblioteca-luigi-chiarini\/mostre-di-moda-e-costume\/#breadcrumb","itemListElement":[{"@type":"ListItem","position":1,"name":"Home","item":"https:\/\/www.fondazionecsc.it\/en\/"},{"@type":"ListItem","position":2,"name":"Mostre virtuali &#8211; Biblioteca Luigi Chiarini","item":"https:\/\/www.fondazionecsc.it\/en\/mostre-virtuali-biblioteca-luigi-chiarini\/"},{"@type":"ListItem","position":3,"name":"Display of fashion and costumes \u00a0"}]},{"@type":"WebSite","@id":"https:\/\/www.fondazionecsc.it\/en\/#website","url":"https:\/\/www.fondazionecsc.it\/en\/","name":"Centro Sperimentale di Cinematografia","description":"","potentialAction":[{"@type":"SearchAction","target":{"@type":"EntryPoint","urlTemplate":"https:\/\/www.fondazionecsc.it\/en\/?s={search_term_string}"},"query-input":{"@type":"PropertyValueSpecification","valueRequired":true,"valueName":"search_term_string"}}],"inLanguage":"en-US"}]}},"_links":{"self":[{"href":"https:\/\/www.fondazionecsc.it\/en\/wp-json\/wp\/v2\/pages\/39606","targetHints":{"allow":["GET"]}}],"collection":[{"href":"https:\/\/www.fondazionecsc.it\/en\/wp-json\/wp\/v2\/pages"}],"about":[{"href":"https:\/\/www.fondazionecsc.it\/en\/wp-json\/wp\/v2\/types\/page"}],"author":[{"embeddable":true,"href":"https:\/\/www.fondazionecsc.it\/en\/wp-json\/wp\/v2\/users\/2"}],"replies":[{"embeddable":true,"href":"https:\/\/www.fondazionecsc.it\/en\/wp-json\/wp\/v2\/comments?post=39606"}],"version-history":[{"count":20,"href":"https:\/\/www.fondazionecsc.it\/en\/wp-json\/wp\/v2\/pages\/39606\/revisions"}],"predecessor-version":[{"id":45638,"href":"https:\/\/www.fondazionecsc.it\/en\/wp-json\/wp\/v2\/pages\/39606\/revisions\/45638"}],"up":[{"embeddable":true,"href":"https:\/\/www.fondazionecsc.it\/en\/wp-json\/wp\/v2\/pages\/39570"}],"wp:featuredmedia":[{"embeddable":true,"href":"https:\/\/www.fondazionecsc.it\/en\/wp-json\/wp\/v2\/media\/39607"}],"wp:attachment":[{"href":"https:\/\/www.fondazionecsc.it\/en\/wp-json\/wp\/v2\/media?parent=39606"}],"wp:term":[{"taxonomy":"settore","embeddable":true,"href":"https:\/\/www.fondazionecsc.it\/en\/wp-json\/wp\/v2\/settore?post=39606"}],"curies":[{"name":"wp","href":"https:\/\/api.w.org\/{rel}","templated":true}]}}