{"id":38740,"date":"2019-11-20T10:23:46","date_gmt":"2019-11-20T09:23:46","guid":{"rendered":"http:\/\/www.fondazionecsc.it\/scuola-nazionale-di-cinema-chi-siamo\/"},"modified":"2023-12-26T16:04:13","modified_gmt":"2023-12-26T14:04:13","slug":"scuola-nazionale-di-cinema-chi-siamo","status":"publish","type":"page","link":"https:\/\/www.fondazionecsc.it\/en\/scuola-nazionale-di-cinema-chi-siamo\/","title":{"rendered":"History"},"content":{"rendered":"<section class=\"c2i-banner-slider\">\n    <script>\n        var bannerSwiper;\n        jQuery(function() {\n\n        });\n\n        function bannerSlideNext() {\n            console.log(\"next\");\n            bannerSwiper.slideNext();\n        }\n        function bannerSlidePrev() {\n            console.log(\"prev\");\n            bannerSwiper.slidePrev();\n        }\n    <\/script>\n\n    <div class=\"container-fluid no-padding\">\n        <div class=\"row no-margin\">\n            <div class=\"col-12 no-padding\">\n                <div class=\"swiper-container swiper-container-banner-9192\">\n                    <div class=\"swiper-wrapper\">\n\n            <div class=\"swiper-slide\" >\n                <div class=\"mobile-hide\" style=\"background: transparent url('https:\/\/www.fondazionecsc.it\/wp-content\/uploads\/2019\/11\/testata-scuola.jpg') no-repeat center center; background-size: cover;\"><img decoding=\"async\" src=\"https:\/\/www.fondazionecsc.it\/wp-content\/themes\/understrap-child\/img\/c2i-banner-small-slider-spacer.png\" alt=\"Centro Sperimentale di Cinematografia\"><\/div>            \n                <div class=\"desktop-hide\" style=\"background: transparent url('https:\/\/www.fondazionecsc.it\/wp-content\/uploads\/2019\/11\/testata-scuola.jpg') no-repeat center center; background-size: cover;\"><img decoding=\"async\" src=\"https:\/\/www.fondazionecsc.it\/wp-content\/themes\/understrap-child\/img\/c2i-banner-slider-mobile-spacer.png\" alt=\"Centro Sperimentale di Cinematografia\"><\/div>                \n                <div class=\"c2i-banner-slider-block\">\n            \n                    <\/div>\n                <\/div>\n            \n                    <\/div>\n\n                <\/div>\n            <\/div>\n        <\/div>\n    <\/div>\n<\/section>\n\n\n    <script>\n        jQuery(function() {\n        });\n    <\/script>\n<section id=\"c2i-breadcrumbs-page\" class=\"c2i-breadcrumbs\">\n    <div class=\"container-fluid\">\n        <div class=\"row\">\n            <div class=\"col-12\">\n                <div class=\"c2i-breadcrumbs-area\"><a href=\"https:\/\/www.fondazionecsc.it\/en\/\">Home<\/a> > History<\/div>\n            <\/div>\n        <\/div>\n    <\/div>\n<\/section>\n\n\r\n            <script>\r\n                jQuery(function() {\r\n                });\r\n            <\/script>\r\n        <section class=\"c2i-titolo\">\r\n            <div class=\"container\">\r\n                <div class=\"row\">\r\n                    <div class=\"col-12\">\r\n                        <div class=\"c2i-titolo-container\">\r\n        <div class=\"c2i-titolo-title\"><h1>Scuola Nazionale di Cinema<\/h1><\/div><div class=\"c2i-titolo-txt\"><p>The Scuola Nazionale di Cinema of the CSC is the oldest and most prestigious film school in the world.<\/p>\n<\/div>\r\n                        <\/div>\r\n                    <\/div>\r\n                <\/div>\r\n            <\/div>\r\n        <\/section>\n\n<div class=\"wp-bootstrap-blocks-container container mb-0\">\n\t\n<div class=\"wp-bootstrap-blocks-row row\">\n\t\n\n<div class=\"col-12 col-md-8\">\n\t\t\t\n\n    <script>\n        jQuery(function() {\n        });\n    <\/script>\n<section class=\"c2i-testo c2i-testo-normal\">\n    <div class=\"container\">\n        <div class=\"row\">\n            <div class=\"col-12\">\n<div class=\"c2i-testo-title\"><p>Established in 1935, the <strong>Centro Sperimentale di Cinematografia<\/strong> Foundation is an indispensable point of reference for the Italian cinema. It includes the National Film School (Scuola Nazionale di Cinema), a historical place of excellence for cinema professions, and the National Film Archive (Cineteca Nazionale), one of the oldest and most important film archives in the world.<\/p>\n<p>Founder member of the CILECT (Centre International de Liaison des Ecoles de Cin\u00e9ma et de T\u00e9l\u00e9vision), the <strong>Scuola Nazionale di Cinema<\/strong>, directed by Headmaster Adriano De Santis, is a primary education site for audiovisual and film professionals and a relevant discussion place for students, scholars, teachers and researchers coming from all over the world.<\/p>\n<\/div>\n            <\/div>\n        <\/div>\n    <\/div>\n<\/section>\n\n\n\n\n    <script>\n        jQuery(function() {\n        });\n    <\/script>\n<section class=\"c2i-testo c2i-testo-normal\">\n    <div class=\"container\">\n        <div class=\"row\">\n            <div class=\"col-12\">\n<div class=\"c2i-testo-title\"><p>The school is structured into\u00a0<strong>17 educational areas<\/strong>, all run by professionals: Alba\u00a0<strong>Rohrwacher<\/strong>\u00a0(Acting), Maurizio\u00a0<strong>Nichetti<\/strong>\u00a0(Advertising and Industrial Cinema, Piedmont Venue), Chiara\u00a0<strong>Magri<\/strong>\u00a0(Animation, Piedmont Venue), Paolo\u00a0<strong>Tosini<\/strong>\u00a0(Conservation and management of the audio-visual heritage), Maurizio\u00a0<strong>Millenotti<\/strong>\u00a0(Costume Design), Daniele\u00a0<strong>Luchetti<\/strong>\u00a0(Directing), Costanza\u00a0<strong>Quatriglio<\/strong>\u00a0(Documentary Directing, Sicily Venue), \u00a0Matteo\u00a0<strong>Gherardini\u00a0<\/strong>and Desideria\u00a0<strong>Rayner<\/strong>\u00a0(Documentary Film Editing, Sicily Venue), Marco\u00a0<strong>Alessi<\/strong>\u00a0and Laura\u00a0<strong>Romano<\/strong>\u00a0(Documentary Film Production, Sicily Venue),\u00a0Francesca\u00a0<strong>Calvelli<\/strong>\u00a0(Film Editing),\u00a0Gianluca\u00a0<strong>Arcopinto\u00a0<\/strong>and Viola\u00a0<strong>Prestieri<\/strong>\u00a0(Film Production), \u00a0Giuseppe\u00a0<strong>Lanci<\/strong>\u00a0(Photography), Francesca\u00a0<strong>Mannocchi<\/strong>\u00a0(Reportage, Abruzzo Venue), Francesco\u00a0<strong>Frigeri<\/strong>\u00a0(Scenography), Franco\u00a0<strong>Bernini<\/strong>\u00a0(Screenplay), Stefano\u00a0<strong>Campus<\/strong>\u00a0(Sound Design), Renato\u00a0<strong>Pezzella<\/strong>, Eros\u00a0<strong>Puglielli<\/strong>\u00a0and Daniele\u00a0<strong>Tomassetti<\/strong>\u00a0(Visual effects supervisor &amp; producer).<\/p>\n<p>The course in Immersive Arts is currently being set up (director: Sara\u00a0<strong>Tirelli<\/strong>, Veneto Office).<\/p>\n<p>Cinema professions are a point of excellence in the entertainment industry.<\/p>\n<p>Cinematographic institutions and productions draw on these places to start new projects and find good professionals. The number of students who rapidly enter the world of work is high.<\/p>\n<p>The teaching staff is constituted by prominent members of the national and international cinema.<\/p>\n<p>The wide variety of works produced by the students &#8211; awarded all over the world &#8211;\u00a0 testifies the wealth of proposals in their style, in the topics covered and in the technical skills.<\/p>\n<p>Cinema is a living matter, in constant flux.<\/p>\n<p>Film industry consolidated aspects have been affected by media and communication continuous changes, influencing\u00a0 both the procedures and the use of the filmic product.<\/p>\n<p>Epochal changes require a constant updating in learning and a level of knowledge able to meet the constantly evolving labour market demands.<\/p>\n<p>Interpreting these new requirements, the National Film School plays a proactive role in students global training by proposing up-to-date courses and innovative and at the forefront lessons. Tradition and innovation, fundamental skills and research constitute the solid foundation of both a classical and an experimental education.<\/p>\n<p>In order to meet the labour market requirements, the educational offer is designed to unlock students\u2019 potentials and aspirations through the school\u2019s human and technological resources.<\/p>\n<p>Following the spirit of integrating and comparing the different professional skills, including communication expression abilities, the different courses flow into a <em>permanent workshop.<\/em><\/p>\n<\/div>\n            <\/div>\n        <\/div>\n    <\/div>\n<\/section>\n\n\n    <script>\n        jQuery(function() {\n        });\n    <\/script>\n<section class=\"c2i-pulsante\">\n    <div class=\"container\">\n        <div class=\"row\">\n            <div class=\"col-12\">\n<div class=\"c2i-pulsante-box\"><a href=\"https:\/\/www.fondazionecsc.it\/en\/corsi-triennali\/\">our courses<\/a><\/div>\n            <\/div>\n        <\/div>\n    <\/div>\n<\/section>\n\n\n    <script>\n        jQuery(function() {\n\n        });\n    <\/script>\n<section class=\"c2i-gallery \">\n        <div class=\"container\">\n            <div class=\"row\">\n                <div class=\"col-12\">\n                    <div class=\"swiper-container swiper-container-gallery8156\">\n                        <div class=\"swiper-wrapper\">\n    \n                <div class=\"swiper-slide\">\n                    <div class=\"\" style=\"background: transparent url('https:\/\/www.fondazionecsc.it\/wp-content\/uploads\/2019\/11\/CHi-siamo_1.jpg') no-repeat center center; background-size: cover;\">\n                        <img decoding=\"async\" src=\"https:\/\/www.fondazionecsc.it\/wp-content\/themes\/understrap-child\/img\/c2i-gallery-spacer.png\" alt=\"\">\n                    <\/div>\n                            \n                <div class=\"c2i-gallery-didascalia\"><\/div>\n            <\/div>\n        \n                        <\/div>\n                    <\/div>\n                <\/div>\n            <\/div>\n        <\/div>\n    <\/section>\n\n\n    <script>\n        jQuery(function() {\n        });\n    <\/script>\n<section class=\"c2i-testo c2i-testo-normal\">\n    <div class=\"container\">\n        <div class=\"row\">\n            <div class=\"col-12\">\n\n            <\/div>\n        <\/div>\n    <\/div>\n<\/section>\n\n\n    <script>\n        jQuery(function() {\n\n        });\n    <\/script>\n\n\n\n    <script>\n        jQuery(function() {\n        });\n    <\/script>\n<section class=\"c2i-testo c2i-testo-normal\">\n    <div class=\"container\">\n        <div class=\"row\">\n            <div class=\"col-12\">\n\n            <\/div>\n        <\/div>\n    <\/div>\n<\/section>\n\n\n\n\n    <script>\n        jQuery(function() {\n        });\n    <\/script>\n<section class=\"c2i-testo c2i-testo-normal\">\n    <div class=\"container\">\n        <div class=\"row\">\n            <div class=\"col-12\">\n\n            <\/div>\n        <\/div>\n    <\/div>\n<\/section>\n\n\n    <script>\n        jQuery(function() {\n        });\n    <\/script>\n<section class=\"c2i-testo c2i-testo-normal\">\n    <div class=\"container\">\n        <div class=\"row\">\n            <div class=\"col-12\">\n\n            <\/div>\n        <\/div>\n    <\/div>\n<\/section>\n\n\n    <script>\n        jQuery(function() {\n        });\n    <\/script>\n<section class=\"c2i-testo c2i-testo-normal\">\n    <div class=\"container\">\n        <div class=\"row\">\n            <div class=\"col-12\">\n\n            <\/div>\n        <\/div>\n    <\/div>\n<\/section>\n\n\n<p><\/p>\n\n\t<\/div>\n\n\n\n<div class=\"col-12 col-md-4\">\n\t\t\t\n\n    <script>\n        jQuery(function() {\n        });\n    <\/script>\n<section class=\"c2i-sidebar\"><div class=\"c2i-corso-sidebar\"><div class=\"c2i-corso-sidebar-block c2i-sidebar-block-area\"><div class=\"c2i-sidebar-block-img\" style=\"background: transparent url('https:\/\/www.fondazionecsc.it\/wp-content\/uploads\/2019\/11\/cavani_presidente_2.jpg') no-repeat center center; background-size: cover;\"><a href=\"https:\/\/www.fondazionecsc.it\/en\/scuola-nazionale-di-cinema-chi-siamo\/associazione-ex-allievi-e-alumni\/\"><img decoding=\"async\" src=\"https:\/\/www.fondazionecsc.it\/wp-content\/themes\/understrap-child\/img\/c2i-sidebar-spacer.png\" alt=\"\"><\/a><\/div><div class=\"c2i-corso-sidebar-block-title c2i-sidebar-block-title\"><a href=\"https:\/\/www.fondazionecsc.it\/en\/scuola-nazionale-di-cinema-chi-siamo\/associazione-ex-allievi-e-alumni\/\">Associazione Ex Allievi e Alumni<\/a><\/div><\/div><div class=\"c2i-corso-sidebar-block c2i-sidebar-block-area\"><div class=\"c2i-sidebar-block-img\" style=\"background: transparent url('https:\/\/www.fondazionecsc.it\/wp-content\/uploads\/2020\/03\/le_due.jpg') no-repeat center center; background-size: cover;\"><a href=\"https:\/\/www.fondazionecsc.it\/en\/scuola-nazionale-di-cinema-chi-siamo\/ex-alunni\/\"><img decoding=\"async\" src=\"https:\/\/www.fondazionecsc.it\/wp-content\/themes\/understrap-child\/img\/c2i-sidebar-spacer.png\" alt=\"Carolina crescentini ospite di carla Signoris \"><\/a><\/div><div class=\"c2i-corso-sidebar-block-title c2i-sidebar-block-title\"><a href=\"https:\/\/www.fondazionecsc.it\/en\/scuola-nazionale-di-cinema-chi-siamo\/ex-alunni\/\">Ex Allievi<\/a><\/div><\/div><div class=\"c2i-corso-sidebar-block c2i-sidebar-block-area\"><div class=\"c2i-sidebar-block-img\" style=\"background: transparent url('https:\/\/www.fondazionecsc.it\/wp-content\/uploads\/2019\/11\/Sedi.jpg') no-repeat center center; background-size: cover;\"><a href=\"https:\/\/www.fondazionecsc.it\/en\/scuola-nazionale-di-cinema-chi-siamo\/facililities-e-convenzioni\/\"><img decoding=\"async\" src=\"https:\/\/www.fondazionecsc.it\/wp-content\/themes\/understrap-child\/img\/c2i-sidebar-spacer.png\" alt=\"\"><\/a><\/div><div class=\"c2i-corso-sidebar-block-title c2i-sidebar-block-title\"><a href=\"https:\/\/www.fondazionecsc.it\/en\/scuola-nazionale-di-cinema-chi-siamo\/facililities-e-convenzioni\/\">Facilities and conventions<\/a><\/div><\/div><div class=\"c2i-corso-sidebar-block c2i-sidebar-block-area\"><div class=\"c2i-sidebar-block-img\" style=\"background: transparent url('https:\/\/www.fondazionecsc.it\/wp-content\/uploads\/2022\/01\/loghi-2.jpg') no-repeat center center; background-size: cover;\"><a href=\"https:\/\/www.fondazionecsc.it\/en\/scuola-nazionale-di-cinema-chi-siamo\/sponsors-friends-and-partners\/\"><img decoding=\"async\" src=\"https:\/\/www.fondazionecsc.it\/wp-content\/themes\/understrap-child\/img\/c2i-sidebar-spacer.png\" alt=\"\"><\/a><\/div><div class=\"c2i-corso-sidebar-block-title c2i-sidebar-block-title\"><a href=\"https:\/\/www.fondazionecsc.it\/en\/scuola-nazionale-di-cinema-chi-siamo\/sponsors-friends-and-partners\/\">Partner<\/a><\/div><\/div><div class=\"c2i-corso-sidebar-block c2i-sidebar-block-area\"><div class=\"c2i-sidebar-block-img\" style=\"background: transparent url('https:\/\/www.fondazionecsc.it\/wp-content\/uploads\/2019\/11\/corso-fotografia-csc-roma.jpg') no-repeat center center; background-size: cover;\"><a href=\"https:\/\/www.fondazionecsc.it\/en\/scuola-nazionale-di-cinema-chi-siamo\/supporta-la-scuola-2\/\"><img decoding=\"async\" src=\"https:\/\/www.fondazionecsc.it\/wp-content\/themes\/understrap-child\/img\/c2i-sidebar-spacer.png\" alt=\"\"><\/a><\/div><div class=\"c2i-corso-sidebar-block-title c2i-sidebar-block-title\"><a href=\"https:\/\/www.fondazionecsc.it\/en\/scuola-nazionale-di-cinema-chi-siamo\/supporta-la-scuola-2\/\">Support the School<\/a><\/div><\/div>\n        <\/div>\n    <\/section>\n\t<\/div>\n\n<\/div>\n\n<\/div>\n","protected":false},"excerpt":{"rendered":"","protected":false},"author":2,"featured_media":38742,"parent":0,"menu_order":0,"comment_status":"closed","ping_status":"closed","template":"page-templates\/fullwidthpage.php","meta":{"_acf_changed":false,"footnotes":""},"settore":[81],"class_list":["post-38740","page","type-page","status-publish","has-post-thumbnail","hentry","settore-scuola-en"],"acf":[],"yoast_head":"<!-- This site is optimized with the Yoast SEO plugin v27.5 - https:\/\/yoast.com\/product\/yoast-seo-wordpress\/ -->\n<title>History - Centro Sperimentale di Cinematografia<\/title>\n<meta name=\"robots\" content=\"index, follow, max-snippet:-1, max-image-preview:large, max-video-preview:-1\" \/>\n<link rel=\"canonical\" href=\"https:\/\/www.fondazionecsc.it\/en\/scuola-nazionale-di-cinema-chi-siamo\/\" \/>\n<meta property=\"og:locale\" content=\"en_US\" \/>\n<meta property=\"og:type\" content=\"article\" \/>\n<meta property=\"og:title\" content=\"History - Centro Sperimentale di Cinematografia\" \/>\n<meta property=\"og:url\" content=\"https:\/\/www.fondazionecsc.it\/en\/scuola-nazionale-di-cinema-chi-siamo\/\" \/>\n<meta property=\"og:site_name\" content=\"Centro Sperimentale di Cinematografia\" \/>\n<meta property=\"article:modified_time\" content=\"2023-12-26T14:04:13+00:00\" \/>\n<meta property=\"og:image\" content=\"https:\/\/www.fondazionecsc.it\/wp-content\/uploads\/2019\/11\/corso-documentario-riprese.jpg\" \/>\n\t<meta property=\"og:image:width\" content=\"795\" \/>\n\t<meta property=\"og:image:height\" content=\"650\" \/>\n\t<meta property=\"og:image:type\" content=\"image\/jpeg\" \/>\n<meta name=\"twitter:card\" content=\"summary_large_image\" \/>\n<script type=\"application\/ld+json\" class=\"yoast-schema-graph\">{\"@context\":\"https:\\\/\\\/schema.org\",\"@graph\":[{\"@type\":\"WebPage\",\"@id\":\"https:\\\/\\\/www.fondazionecsc.it\\\/en\\\/scuola-nazionale-di-cinema-chi-siamo\\\/\",\"url\":\"https:\\\/\\\/www.fondazionecsc.it\\\/en\\\/scuola-nazionale-di-cinema-chi-siamo\\\/\",\"name\":\"History - Centro Sperimentale di Cinematografia\",\"isPartOf\":{\"@id\":\"https:\\\/\\\/www.fondazionecsc.it\\\/en\\\/#website\"},\"primaryImageOfPage\":{\"@id\":\"https:\\\/\\\/www.fondazionecsc.it\\\/en\\\/scuola-nazionale-di-cinema-chi-siamo\\\/#primaryimage\"},\"image\":{\"@id\":\"https:\\\/\\\/www.fondazionecsc.it\\\/en\\\/scuola-nazionale-di-cinema-chi-siamo\\\/#primaryimage\"},\"thumbnailUrl\":\"https:\\\/\\\/www.fondazionecsc.it\\\/wp-content\\\/uploads\\\/2019\\\/11\\\/corso-documentario-riprese.jpg\",\"datePublished\":\"2019-11-20T09:23:46+00:00\",\"dateModified\":\"2023-12-26T14:04:13+00:00\",\"breadcrumb\":{\"@id\":\"https:\\\/\\\/www.fondazionecsc.it\\\/en\\\/scuola-nazionale-di-cinema-chi-siamo\\\/#breadcrumb\"},\"inLanguage\":\"en-US\",\"potentialAction\":[{\"@type\":\"ReadAction\",\"target\":[\"https:\\\/\\\/www.fondazionecsc.it\\\/en\\\/scuola-nazionale-di-cinema-chi-siamo\\\/\"]}]},{\"@type\":\"ImageObject\",\"inLanguage\":\"en-US\",\"@id\":\"https:\\\/\\\/www.fondazionecsc.it\\\/en\\\/scuola-nazionale-di-cinema-chi-siamo\\\/#primaryimage\",\"url\":\"https:\\\/\\\/www.fondazionecsc.it\\\/wp-content\\\/uploads\\\/2019\\\/11\\\/corso-documentario-riprese.jpg\",\"contentUrl\":\"https:\\\/\\\/www.fondazionecsc.it\\\/wp-content\\\/uploads\\\/2019\\\/11\\\/corso-documentario-riprese.jpg\",\"width\":795,\"height\":650},{\"@type\":\"BreadcrumbList\",\"@id\":\"https:\\\/\\\/www.fondazionecsc.it\\\/en\\\/scuola-nazionale-di-cinema-chi-siamo\\\/#breadcrumb\",\"itemListElement\":[{\"@type\":\"ListItem\",\"position\":1,\"name\":\"Home\",\"item\":\"https:\\\/\\\/www.fondazionecsc.it\\\/en\\\/\"},{\"@type\":\"ListItem\",\"position\":2,\"name\":\"History\"}]},{\"@type\":\"WebSite\",\"@id\":\"https:\\\/\\\/www.fondazionecsc.it\\\/en\\\/#website\",\"url\":\"https:\\\/\\\/www.fondazionecsc.it\\\/en\\\/\",\"name\":\"Centro Sperimentale di Cinematografia\",\"description\":\"\",\"potentialAction\":[{\"@type\":\"SearchAction\",\"target\":{\"@type\":\"EntryPoint\",\"urlTemplate\":\"https:\\\/\\\/www.fondazionecsc.it\\\/en\\\/?s={search_term_string}\"},\"query-input\":{\"@type\":\"PropertyValueSpecification\",\"valueRequired\":true,\"valueName\":\"search_term_string\"}}],\"inLanguage\":\"en-US\"}]}<\/script>\n<!-- \/ Yoast SEO plugin. -->","yoast_head_json":{"title":"History - Centro Sperimentale di Cinematografia","robots":{"index":"index","follow":"follow","max-snippet":"max-snippet:-1","max-image-preview":"max-image-preview:large","max-video-preview":"max-video-preview:-1"},"canonical":"https:\/\/www.fondazionecsc.it\/en\/scuola-nazionale-di-cinema-chi-siamo\/","og_locale":"en_US","og_type":"article","og_title":"History - Centro Sperimentale di Cinematografia","og_url":"https:\/\/www.fondazionecsc.it\/en\/scuola-nazionale-di-cinema-chi-siamo\/","og_site_name":"Centro Sperimentale di Cinematografia","article_modified_time":"2023-12-26T14:04:13+00:00","og_image":[{"width":795,"height":650,"url":"https:\/\/www.fondazionecsc.it\/wp-content\/uploads\/2019\/11\/corso-documentario-riprese.jpg","type":"image\/jpeg"}],"twitter_card":"summary_large_image","schema":{"@context":"https:\/\/schema.org","@graph":[{"@type":"WebPage","@id":"https:\/\/www.fondazionecsc.it\/en\/scuola-nazionale-di-cinema-chi-siamo\/","url":"https:\/\/www.fondazionecsc.it\/en\/scuola-nazionale-di-cinema-chi-siamo\/","name":"History - Centro Sperimentale di Cinematografia","isPartOf":{"@id":"https:\/\/www.fondazionecsc.it\/en\/#website"},"primaryImageOfPage":{"@id":"https:\/\/www.fondazionecsc.it\/en\/scuola-nazionale-di-cinema-chi-siamo\/#primaryimage"},"image":{"@id":"https:\/\/www.fondazionecsc.it\/en\/scuola-nazionale-di-cinema-chi-siamo\/#primaryimage"},"thumbnailUrl":"https:\/\/www.fondazionecsc.it\/wp-content\/uploads\/2019\/11\/corso-documentario-riprese.jpg","datePublished":"2019-11-20T09:23:46+00:00","dateModified":"2023-12-26T14:04:13+00:00","breadcrumb":{"@id":"https:\/\/www.fondazionecsc.it\/en\/scuola-nazionale-di-cinema-chi-siamo\/#breadcrumb"},"inLanguage":"en-US","potentialAction":[{"@type":"ReadAction","target":["https:\/\/www.fondazionecsc.it\/en\/scuola-nazionale-di-cinema-chi-siamo\/"]}]},{"@type":"ImageObject","inLanguage":"en-US","@id":"https:\/\/www.fondazionecsc.it\/en\/scuola-nazionale-di-cinema-chi-siamo\/#primaryimage","url":"https:\/\/www.fondazionecsc.it\/wp-content\/uploads\/2019\/11\/corso-documentario-riprese.jpg","contentUrl":"https:\/\/www.fondazionecsc.it\/wp-content\/uploads\/2019\/11\/corso-documentario-riprese.jpg","width":795,"height":650},{"@type":"BreadcrumbList","@id":"https:\/\/www.fondazionecsc.it\/en\/scuola-nazionale-di-cinema-chi-siamo\/#breadcrumb","itemListElement":[{"@type":"ListItem","position":1,"name":"Home","item":"https:\/\/www.fondazionecsc.it\/en\/"},{"@type":"ListItem","position":2,"name":"History"}]},{"@type":"WebSite","@id":"https:\/\/www.fondazionecsc.it\/en\/#website","url":"https:\/\/www.fondazionecsc.it\/en\/","name":"Centro Sperimentale di Cinematografia","description":"","potentialAction":[{"@type":"SearchAction","target":{"@type":"EntryPoint","urlTemplate":"https:\/\/www.fondazionecsc.it\/en\/?s={search_term_string}"},"query-input":{"@type":"PropertyValueSpecification","valueRequired":true,"valueName":"search_term_string"}}],"inLanguage":"en-US"}]}},"_links":{"self":[{"href":"https:\/\/www.fondazionecsc.it\/en\/wp-json\/wp\/v2\/pages\/38740","targetHints":{"allow":["GET"]}}],"collection":[{"href":"https:\/\/www.fondazionecsc.it\/en\/wp-json\/wp\/v2\/pages"}],"about":[{"href":"https:\/\/www.fondazionecsc.it\/en\/wp-json\/wp\/v2\/types\/page"}],"author":[{"embeddable":true,"href":"https:\/\/www.fondazionecsc.it\/en\/wp-json\/wp\/v2\/users\/2"}],"replies":[{"embeddable":true,"href":"https:\/\/www.fondazionecsc.it\/en\/wp-json\/wp\/v2\/comments?post=38740"}],"version-history":[{"count":28,"href":"https:\/\/www.fondazionecsc.it\/en\/wp-json\/wp\/v2\/pages\/38740\/revisions"}],"predecessor-version":[{"id":129216,"href":"https:\/\/www.fondazionecsc.it\/en\/wp-json\/wp\/v2\/pages\/38740\/revisions\/129216"}],"wp:featuredmedia":[{"embeddable":true,"href":"https:\/\/www.fondazionecsc.it\/en\/wp-json\/wp\/v2\/media\/38742"}],"wp:attachment":[{"href":"https:\/\/www.fondazionecsc.it\/en\/wp-json\/wp\/v2\/media?parent=38740"}],"wp:term":[{"taxonomy":"settore","embeddable":true,"href":"https:\/\/www.fondazionecsc.it\/en\/wp-json\/wp\/v2\/settore?post=38740"}],"curies":[{"name":"wp","href":"https:\/\/api.w.org\/{rel}","templated":true}]}}