{"id":117396,"date":"2023-04-13T15:59:56","date_gmt":"2023-04-13T13:59:56","guid":{"rendered":"https:\/\/www.fondazionecsc.it\/la-scuola\/"},"modified":"2024-01-16T16:47:12","modified_gmt":"2024-01-16T14:47:12","slug":"la-scuola","status":"publish","type":"page","link":"https:\/\/www.fondazionecsc.it\/en\/scuola-nazionale-di-cinema\/la-scuola\/","title":{"rendered":"La Scuola"},"content":{"rendered":"<section class=\"c2i-banner-slider\">\n    <script>\n        var bannerSwiper;\n        jQuery(function() {\n\n        });\n\n        function bannerSlideNext() {\n            console.log(\"next\");\n            bannerSwiper.slideNext();\n        }\n        function bannerSlidePrev() {\n            console.log(\"prev\");\n            bannerSwiper.slidePrev();\n        }\n    <\/script>\n\n    <div class=\"container-fluid no-padding\">\n        <div class=\"row no-margin\">\n            <div class=\"col-12 no-padding\">\n                <div class=\"swiper-container swiper-container-banner-6224\">\n                    <div class=\"swiper-wrapper\">\n\n            <div class=\"swiper-slide\" >\n                <div class=\"mobile-hide\" style=\"background: transparent url('https:\/\/www.fondazionecsc.it\/wp-content\/uploads\/2020\/02\/set-allievi.jpg') no-repeat center center; background-size: cover;\"><img decoding=\"async\" src=\"https:\/\/www.fondazionecsc.it\/wp-content\/themes\/understrap-child\/img\/c2i-banner-small-slider-spacer.png\" alt=\"Allievi CSC sul set\"><\/div>            \n                <div class=\"desktop-hide\" style=\"background: transparent url('https:\/\/www.fondazionecsc.it\/wp-content\/uploads\/2020\/02\/set-allievi.jpg') no-repeat center center; background-size: cover;\"><img decoding=\"async\" src=\"https:\/\/www.fondazionecsc.it\/wp-content\/themes\/understrap-child\/img\/c2i-banner-slider-mobile-spacer.png\" alt=\"Allievi CSC sul set\"><\/div>                \n                <div class=\"c2i-banner-slider-block\">\n            \n                    <\/div>\n                <\/div>\n            \n                    <\/div>\n\n                <\/div>\n            <\/div>\n        <\/div>\n    <\/div>\n<\/section>\n\n\n    <script>\n        jQuery(function() {\n        });\n    <\/script>\n<section id=\"c2i-breadcrumbs-page\" class=\"c2i-breadcrumbs\">\n    <div class=\"container-fluid\">\n        <div class=\"row\">\n            <div class=\"col-12\">\n                <div class=\"c2i-breadcrumbs-area\"><a href=\"https:\/\/www.fondazionecsc.it\/en\/\">Home<\/a> > La Scuola<\/div>\n            <\/div>\n        <\/div>\n    <\/div>\n<\/section>\n\n\r\n            <script>\r\n                jQuery(function() {\r\n                });\r\n            <\/script>\r\n        <section class=\"c2i-titolo\">\r\n            <div class=\"container\">\r\n                <div class=\"row\">\r\n                    <div class=\"col-12\">\r\n                        <div class=\"c2i-titolo-container\">\r\n        <div class=\"c2i-titolo-title\"><h1>Scuola Nazionale di Cinema<\/h1><\/div><div class=\"c2i-titolo-txt\"><p>The Scuola Nazionale di Cinema of the CSC is the oldest and most prestigious film school in the world<\/p>\n<\/div>\r\n                        <\/div>\r\n                    <\/div>\r\n                <\/div>\r\n            <\/div>\r\n        <\/section>\n\n<div class=\"wp-bootstrap-blocks-container container mb-0\">\n\t\n<div class=\"wp-bootstrap-blocks-row row\">\n\t\n\n<div class=\"col-12 col-md-8\">\n\t\t\t\n\n    <script>\n        jQuery(function() {\n        });\n    <\/script>\n<section class=\"c2i-testo c2i-testo-normal\">\n    <div class=\"container\">\n        <div class=\"row\">\n            <div class=\"col-12\">\n<div class=\"c2i-testo-title\"><p>Established in 1935, the<strong> CSC \u2013 Centro Sperimentale di Cinematografia<\/strong> is an indispensable point of reference for the Italian cinema. It includes the Scuola Nazionale di Cinema, a historical place of excellence for cinema professions, and the Cineteca Nazionale, one of the oldest and most important film archives in the world.<\/p>\n<p>Founder member of the CILECT (Centre International de Liaison des Ecoles de Cin\u00e9ma et de T\u00e9l\u00e9vision), the <strong>Scuola Nazionale di Cinema<\/strong>, directed by Headmaster Adriano De Santis, is a primary education site for audiovisual and film professionals and a relevant discussion place for students, scholars, teachers and researchers coming from all over the world.<\/p>\n<\/div>\n            <\/div>\n        <\/div>\n    <\/div>\n<\/section>\n\n\n    <script>\n        jQuery(function() {\n        });\n    <\/script>\n<section class=\"c2i-pulsante\">\n    <div class=\"container\">\n        <div class=\"row\">\n            <div class=\"col-12\">\n<div class=\"c2i-pulsante-box\"><a href=\"https:\/\/online.fliphtml5.com\/bfyc\/twgf\/#p=1\">The guide<\/a><\/div>\n            <\/div>\n        <\/div>\n    <\/div>\n<\/section>\n\n\n    <script>\n        jQuery(function() {\n        });\n    <\/script>\n<section class=\"c2i-testo c2i-testo-normal\">\n    <div class=\"container\">\n        <div class=\"row\">\n            <div class=\"col-12\">\n<div class=\"c2i-testo-title\"><p>The school is structured into <strong>17 educational areas<\/strong>, all run by professionals: Alba <strong>Rohrwacher<\/strong>\u00a0(Acting), Maurizio <strong>Nichetti<\/strong> (Advertising and Industrial Cinema, Piedmont Venue), Chiara <strong>Magri<\/strong> (Animation, Piedmont Venue), Paolo <strong>Tosini<\/strong> (Conservation and management of the audio-visual heritage), Maurizio <strong>Millenotti<\/strong> (Costume Design), Daniele <strong>Luchetti<\/strong> (Directing), Costanza <strong>Quatriglio<\/strong> (Documentary Directing, Sicily Venue), \u00a0Matteo <strong>Gherardini <\/strong>and Desideria <strong>Rayner<\/strong> (Documentary Film Editing, Sicily Venue), Marco <strong>Alessi<\/strong> and Laura <strong>Romano<\/strong> (Documentary Film Production, Sicily Venue),\u00a0Francesca <strong>Calvelli<\/strong> (Film Editing),\u00a0Gianluca <strong>Arcopinto <\/strong>and Viola <strong>Prestieri<\/strong> (Film Production), \u00a0Giuseppe <strong>Lanci<\/strong> (Photography), Francesca <strong>Mannocchi<\/strong> (Reportage, Abruzzo Venue), Francesco <strong>Frigeri<\/strong> (Scenography), Franco <strong>Bernini<\/strong> (Screenplay), Stefano <strong>Campus<\/strong> (Sound Design), Renato <strong>Pezzella<\/strong>, Eros <strong>Puglielli<\/strong> and Daniele <strong>Tomassetti<\/strong> (Visual effects supervisor &amp; producer).<\/p>\n<p>The course in Immersive Arts is currently being set up (director: Sara <strong>Tirelli<\/strong>, Veneto Office).<\/p>\n<p>Cinema professions are a point of excellence in the entertainment industry. Cinematographic institutions and productions draw on these places to start new projects and find good professionals. The number of students who rapidly enter the world of work is high.<br \/>\nThe teaching staff is constituted by prominent members of the national and international cinema.<\/p>\n<p>The wide variety of works produced by the students \u2013 awarded all over the world \u2013 testifies the wealth of proposals in their style, in the topics covered and in the technical skills.<\/p>\n<p>Cinema is a living matter, in constant flux. Film industry consolidated aspects have been affected by media and communication continuous changes, influencing both the procedures and the use of the filmic product.<br \/>\nEpochal changes require a constant updating in learning and a level of knowledge able to meet the constantly evolving labour market demands.<\/p>\n<p>Interpreting these new requirements, the Scuola Nazionale di Cinema plays a proactive role in students global training by proposing up-to-date courses and innovative and at the forefront lessons. Tradition and innovation, fundamental skills and research constitute the solid foundation of both a classical and an experimental education.<\/p>\n<p>In order to meet the labour market requirements, the educational offer is designed to unlock students\u2019 potentials and aspirations through the school\u2019s human and technological resources.<\/p>\n<p>Following the spirit of integrating and comparing the different professional skills, including communication expression abilities, the different courses flow into a permanent workshop.<\/p>\n<\/div>\n            <\/div>\n        <\/div>\n    <\/div>\n<\/section>\n\n\n\n\n<hr class=\"wp-block-separator has-css-opacity\"\/>\n\n\n\n    <script>\n        jQuery(function() {\n        });\n    <\/script>\n<section class=\"c2i-testo c2i-testo-normal\">\n    <div class=\"container\">\n        <div class=\"row\">\n            <div class=\"col-12\">\n\n            <\/div>\n        <\/div>\n    <\/div>\n<\/section>\n\n\n<figure class=\"wp-block-gallery has-nested-images columns-default is-cropped wp-block-gallery-1 is-layout-flex wp-block-gallery-is-layout-flex\"><\/figure>\n\n\t<\/div>\n\n\n\n<div class=\"col-12 col-md-4\">\n\t\t\t\n\n    <script>\n        jQuery(function() {\n        });\n    <\/script>\n<section class=\"c2i-sidebar\"><div class=\"c2i-corso-sidebar\"><\/div><\/section>\n\n<div class=\"c2i-corso-sidebar-block c2i-sidebar-block-area\"><div class=\"c2i-sidebar-block-img\" style=\"background: transparent url('https:\/\/www.fondazionecsc.it\/wp-content\/uploads\/2019\/11\/corso-fotografia-csc-roma.jpg') no-repeat center center; background-size: cover;\"><a href=\"\/en\/scuola-nazionale-di-cinema-chi-siamo\/supporta-la-scuola-2\/\"><img decoding=\"async\" src=\"https:\/\/www.fondazionecsc.it\/wp-content\/themes\/understrap-child\/img\/c2i-sidebar-spacer.png\" alt=\"https:\/\/www.fondazionecsc.it\/wp-content\/uploads\/2019\/11\/corso-fotografia-csc-roma.jpg\"><\/a><\/div><div class=\"c2i-corso-sidebar-block-title c2i-sidebar-block-title\"><a href=\"\/en\/scuola-nazionale-di-cinema-chi-siamo\/supporta-la-scuola-2\/\">Support the school<\/a><\/div><\/div>\n    <script>\n        jQuery(function() {\n        });\n    <\/script>\n<section class=\"c2i-sidebar\"><div class=\"c2i-corso-sidebar\"><\/div><\/section>\n\n<div class=\"c2i-corso-sidebar-block c2i-sidebar-block-area\"><div class=\"c2i-sidebar-block-img\" style=\"background: transparent url('https:\/\/www.fondazionecsc.it\/wp-content\/uploads\/2020\/10\/partner01.jpg') no-repeat center center; background-size: cover;\"><a href=\"\/en\/scuola-nazionale-di-cinema-chi-siamo\/partner\/\"><img decoding=\"async\" src=\"https:\/\/www.fondazionecsc.it\/wp-content\/themes\/understrap-child\/img\/c2i-sidebar-spacer.png\" alt=\"https:\/\/www.fondazionecsc.it\/wp-content\/uploads\/2020\/10\/partner01.jpg\"><\/a><\/div><div class=\"c2i-corso-sidebar-block-title c2i-sidebar-block-title\"><a href=\"\/en\/scuola-nazionale-di-cinema-chi-siamo\/partner\/\">Sponsors, Friends and Partners<\/a><\/div><\/div>\n    <script>\n        jQuery(function() {\n        });\n    <\/script>\n<section class=\"c2i-sidebar\"><div class=\"c2i-corso-sidebar\"><\/div><\/section>\n\n<div class=\"c2i-corso-sidebar-block c2i-sidebar-block-area\"><div class=\"c2i-sidebar-block-img\" style=\"background: transparent url('https:\/\/www.fondazionecsc.it\/wp-content\/uploads\/2019\/11\/Sedi.jpg') no-repeat center center; background-size: cover;\"><a href=\"\/en\/scuola-nazionale-di-cinema-chi-siamo\/facililities-e-convenzioni\/\"><img decoding=\"async\" src=\"https:\/\/www.fondazionecsc.it\/wp-content\/themes\/understrap-child\/img\/c2i-sidebar-spacer.png\" alt=\"https:\/\/www.fondazionecsc.it\/wp-content\/uploads\/2019\/11\/Sedi.jpg\"><\/a><\/div><div class=\"c2i-corso-sidebar-block-title c2i-sidebar-block-title\"><a href=\"\/en\/scuola-nazionale-di-cinema-chi-siamo\/facililities-e-convenzioni\/\">Facilities and conventions<\/a><\/div><\/div>\n    <script>\n        jQuery(function() {\n        });\n    <\/script>\n<section class=\"c2i-sidebar\"><div class=\"c2i-corso-sidebar\"><\/div><\/section>\n\n<div class=\"c2i-corso-sidebar-block c2i-sidebar-block-area\"><div class=\"c2i-sidebar-block-img\" style=\"background: transparent url('https:\/\/www.fondazionecsc.it\/wp-content\/uploads\/2021\/07\/new-ok.jpg') no-repeat center center; background-size: cover;\"><a href=\"https:\/\/www.fondazionecsc.it\/en\/scuola-nazionale-di-cinema\/premi-e-riconoscimenti\/\"><img decoding=\"async\" src=\"https:\/\/www.fondazionecsc.it\/wp-content\/themes\/understrap-child\/img\/c2i-sidebar-spacer.png\" alt=\"https:\/\/www.fondazionecsc.it\/wp-content\/uploads\/2021\/07\/new-ok.jpg\"><\/a><\/div><div class=\"c2i-corso-sidebar-block-title c2i-sidebar-block-title\"><a href=\"https:\/\/www.fondazionecsc.it\/en\/scuola-nazionale-di-cinema\/premi-e-riconoscimenti\/\">Prizes, competitions, and awards<\/a><\/div><\/div>\n    <script>\n        jQuery(function() {\n        });\n    <\/script>\n<section class=\"c2i-sidebar\"><div class=\"c2i-corso-sidebar\"><\/div><\/section>\n\t<\/div>\n\n<\/div>\n\n\n\n<p><\/p>\n\n<\/div>\n","protected":false},"excerpt":{"rendered":"","protected":false},"author":2,"featured_media":38742,"parent":117406,"menu_order":0,"comment_status":"closed","ping_status":"closed","template":"page-templates\/fullwidthpage.php","meta":{"_acf_changed":false,"footnotes":""},"settore":[81],"class_list":["post-117396","page","type-page","status-publish","has-post-thumbnail","hentry","settore-scuola-en"],"acf":[],"yoast_head":"<!-- This site is optimized with the Yoast SEO plugin v27.5 - https:\/\/yoast.com\/product\/yoast-seo-wordpress\/ -->\n<title>Scuola di Cinema Roma | CSC<\/title>\n<meta name=\"description\" content=\"La Scuola Nazionale di Cinema della Fondazione Centro Sperimentale di Cinematografia \u2013 Preside Adriano De Santis \u2013 \u00e8 la pi\u00f9 antica e prestigiosa scuola di cinema nel mondo.\" \/>\n<meta name=\"robots\" content=\"index, follow, max-snippet:-1, max-image-preview:large, max-video-preview:-1\" \/>\n<link rel=\"canonical\" href=\"https:\/\/www.fondazionecsc.it\/en\/scuola-nazionale-di-cinema\/la-scuola\/\" \/>\n<meta property=\"og:locale\" content=\"en_US\" \/>\n<meta property=\"og:type\" content=\"article\" \/>\n<meta property=\"og:title\" content=\"Scuola di Cinema Roma | CSC\" \/>\n<meta property=\"og:description\" content=\"La Scuola Nazionale di Cinema della Fondazione Centro Sperimentale di Cinematografia \u2013 Preside Adriano De Santis \u2013 \u00e8 la pi\u00f9 antica e prestigiosa scuola di cinema nel mondo.\" \/>\n<meta property=\"og:url\" content=\"https:\/\/www.fondazionecsc.it\/en\/scuola-nazionale-di-cinema\/la-scuola\/\" \/>\n<meta property=\"og:site_name\" content=\"Centro Sperimentale di Cinematografia\" \/>\n<meta property=\"article:modified_time\" content=\"2024-01-16T14:47:12+00:00\" \/>\n<meta property=\"og:image\" content=\"https:\/\/www.fondazionecsc.it\/wp-content\/uploads\/2019\/11\/corso-documentario-riprese.jpg\" \/>\n\t<meta property=\"og:image:width\" content=\"795\" \/>\n\t<meta property=\"og:image:height\" content=\"650\" \/>\n\t<meta property=\"og:image:type\" content=\"image\/jpeg\" \/>\n<meta name=\"twitter:card\" content=\"summary_large_image\" \/>\n<script type=\"application\/ld+json\" class=\"yoast-schema-graph\">{\"@context\":\"https:\\\/\\\/schema.org\",\"@graph\":[{\"@type\":\"WebPage\",\"@id\":\"https:\\\/\\\/www.fondazionecsc.it\\\/en\\\/scuola-nazionale-di-cinema\\\/la-scuola\\\/\",\"url\":\"https:\\\/\\\/www.fondazionecsc.it\\\/en\\\/scuola-nazionale-di-cinema\\\/la-scuola\\\/\",\"name\":\"Scuola di Cinema Roma | CSC\",\"isPartOf\":{\"@id\":\"https:\\\/\\\/www.fondazionecsc.it\\\/en\\\/#website\"},\"primaryImageOfPage\":{\"@id\":\"https:\\\/\\\/www.fondazionecsc.it\\\/en\\\/scuola-nazionale-di-cinema\\\/la-scuola\\\/#primaryimage\"},\"image\":{\"@id\":\"https:\\\/\\\/www.fondazionecsc.it\\\/en\\\/scuola-nazionale-di-cinema\\\/la-scuola\\\/#primaryimage\"},\"thumbnailUrl\":\"https:\\\/\\\/www.fondazionecsc.it\\\/wp-content\\\/uploads\\\/2019\\\/11\\\/corso-documentario-riprese.jpg\",\"datePublished\":\"2023-04-13T13:59:56+00:00\",\"dateModified\":\"2024-01-16T14:47:12+00:00\",\"description\":\"La Scuola Nazionale di Cinema della Fondazione Centro Sperimentale di Cinematografia \u2013 Preside Adriano De Santis \u2013 \u00e8 la pi\u00f9 antica e prestigiosa scuola di cinema nel mondo.\",\"breadcrumb\":{\"@id\":\"https:\\\/\\\/www.fondazionecsc.it\\\/en\\\/scuola-nazionale-di-cinema\\\/la-scuola\\\/#breadcrumb\"},\"inLanguage\":\"en-US\",\"potentialAction\":[{\"@type\":\"ReadAction\",\"target\":[\"https:\\\/\\\/www.fondazionecsc.it\\\/en\\\/scuola-nazionale-di-cinema\\\/la-scuola\\\/\"]}]},{\"@type\":\"ImageObject\",\"inLanguage\":\"en-US\",\"@id\":\"https:\\\/\\\/www.fondazionecsc.it\\\/en\\\/scuola-nazionale-di-cinema\\\/la-scuola\\\/#primaryimage\",\"url\":\"https:\\\/\\\/www.fondazionecsc.it\\\/wp-content\\\/uploads\\\/2019\\\/11\\\/corso-documentario-riprese.jpg\",\"contentUrl\":\"https:\\\/\\\/www.fondazionecsc.it\\\/wp-content\\\/uploads\\\/2019\\\/11\\\/corso-documentario-riprese.jpg\",\"width\":795,\"height\":650},{\"@type\":\"BreadcrumbList\",\"@id\":\"https:\\\/\\\/www.fondazionecsc.it\\\/en\\\/scuola-nazionale-di-cinema\\\/la-scuola\\\/#breadcrumb\",\"itemListElement\":[{\"@type\":\"ListItem\",\"position\":1,\"name\":\"Home\",\"item\":\"https:\\\/\\\/www.fondazionecsc.it\\\/en\\\/\"},{\"@type\":\"ListItem\",\"position\":2,\"name\":\"Scuola Nazionale di Cinema\",\"item\":\"https:\\\/\\\/www.fondazionecsc.it\\\/en\\\/scuola-nazionale-di-cinema\\\/\"},{\"@type\":\"ListItem\",\"position\":3,\"name\":\"La Scuola\"}]},{\"@type\":\"WebSite\",\"@id\":\"https:\\\/\\\/www.fondazionecsc.it\\\/en\\\/#website\",\"url\":\"https:\\\/\\\/www.fondazionecsc.it\\\/en\\\/\",\"name\":\"Centro Sperimentale di Cinematografia\",\"description\":\"\",\"potentialAction\":[{\"@type\":\"SearchAction\",\"target\":{\"@type\":\"EntryPoint\",\"urlTemplate\":\"https:\\\/\\\/www.fondazionecsc.it\\\/en\\\/?s={search_term_string}\"},\"query-input\":{\"@type\":\"PropertyValueSpecification\",\"valueRequired\":true,\"valueName\":\"search_term_string\"}}],\"inLanguage\":\"en-US\"}]}<\/script>\n<!-- \/ Yoast SEO plugin. -->","yoast_head_json":{"title":"Scuola di Cinema Roma | CSC","description":"La Scuola Nazionale di Cinema della Fondazione Centro Sperimentale di Cinematografia \u2013 Preside Adriano De Santis \u2013 \u00e8 la pi\u00f9 antica e prestigiosa scuola di cinema nel mondo.","robots":{"index":"index","follow":"follow","max-snippet":"max-snippet:-1","max-image-preview":"max-image-preview:large","max-video-preview":"max-video-preview:-1"},"canonical":"https:\/\/www.fondazionecsc.it\/en\/scuola-nazionale-di-cinema\/la-scuola\/","og_locale":"en_US","og_type":"article","og_title":"Scuola di Cinema Roma | CSC","og_description":"La Scuola Nazionale di Cinema della Fondazione Centro Sperimentale di Cinematografia \u2013 Preside Adriano De Santis \u2013 \u00e8 la pi\u00f9 antica e prestigiosa scuola di cinema nel mondo.","og_url":"https:\/\/www.fondazionecsc.it\/en\/scuola-nazionale-di-cinema\/la-scuola\/","og_site_name":"Centro Sperimentale di Cinematografia","article_modified_time":"2024-01-16T14:47:12+00:00","og_image":[{"width":795,"height":650,"url":"https:\/\/www.fondazionecsc.it\/wp-content\/uploads\/2019\/11\/corso-documentario-riprese.jpg","type":"image\/jpeg"}],"twitter_card":"summary_large_image","schema":{"@context":"https:\/\/schema.org","@graph":[{"@type":"WebPage","@id":"https:\/\/www.fondazionecsc.it\/en\/scuola-nazionale-di-cinema\/la-scuola\/","url":"https:\/\/www.fondazionecsc.it\/en\/scuola-nazionale-di-cinema\/la-scuola\/","name":"Scuola di Cinema Roma | CSC","isPartOf":{"@id":"https:\/\/www.fondazionecsc.it\/en\/#website"},"primaryImageOfPage":{"@id":"https:\/\/www.fondazionecsc.it\/en\/scuola-nazionale-di-cinema\/la-scuola\/#primaryimage"},"image":{"@id":"https:\/\/www.fondazionecsc.it\/en\/scuola-nazionale-di-cinema\/la-scuola\/#primaryimage"},"thumbnailUrl":"https:\/\/www.fondazionecsc.it\/wp-content\/uploads\/2019\/11\/corso-documentario-riprese.jpg","datePublished":"2023-04-13T13:59:56+00:00","dateModified":"2024-01-16T14:47:12+00:00","description":"La Scuola Nazionale di Cinema della Fondazione Centro Sperimentale di Cinematografia \u2013 Preside Adriano De Santis \u2013 \u00e8 la pi\u00f9 antica e prestigiosa scuola di cinema nel mondo.","breadcrumb":{"@id":"https:\/\/www.fondazionecsc.it\/en\/scuola-nazionale-di-cinema\/la-scuola\/#breadcrumb"},"inLanguage":"en-US","potentialAction":[{"@type":"ReadAction","target":["https:\/\/www.fondazionecsc.it\/en\/scuola-nazionale-di-cinema\/la-scuola\/"]}]},{"@type":"ImageObject","inLanguage":"en-US","@id":"https:\/\/www.fondazionecsc.it\/en\/scuola-nazionale-di-cinema\/la-scuola\/#primaryimage","url":"https:\/\/www.fondazionecsc.it\/wp-content\/uploads\/2019\/11\/corso-documentario-riprese.jpg","contentUrl":"https:\/\/www.fondazionecsc.it\/wp-content\/uploads\/2019\/11\/corso-documentario-riprese.jpg","width":795,"height":650},{"@type":"BreadcrumbList","@id":"https:\/\/www.fondazionecsc.it\/en\/scuola-nazionale-di-cinema\/la-scuola\/#breadcrumb","itemListElement":[{"@type":"ListItem","position":1,"name":"Home","item":"https:\/\/www.fondazionecsc.it\/en\/"},{"@type":"ListItem","position":2,"name":"Scuola Nazionale di Cinema","item":"https:\/\/www.fondazionecsc.it\/en\/scuola-nazionale-di-cinema\/"},{"@type":"ListItem","position":3,"name":"La Scuola"}]},{"@type":"WebSite","@id":"https:\/\/www.fondazionecsc.it\/en\/#website","url":"https:\/\/www.fondazionecsc.it\/en\/","name":"Centro Sperimentale di Cinematografia","description":"","potentialAction":[{"@type":"SearchAction","target":{"@type":"EntryPoint","urlTemplate":"https:\/\/www.fondazionecsc.it\/en\/?s={search_term_string}"},"query-input":{"@type":"PropertyValueSpecification","valueRequired":true,"valueName":"search_term_string"}}],"inLanguage":"en-US"}]}},"_links":{"self":[{"href":"https:\/\/www.fondazionecsc.it\/en\/wp-json\/wp\/v2\/pages\/117396","targetHints":{"allow":["GET"]}}],"collection":[{"href":"https:\/\/www.fondazionecsc.it\/en\/wp-json\/wp\/v2\/pages"}],"about":[{"href":"https:\/\/www.fondazionecsc.it\/en\/wp-json\/wp\/v2\/types\/page"}],"author":[{"embeddable":true,"href":"https:\/\/www.fondazionecsc.it\/en\/wp-json\/wp\/v2\/users\/2"}],"replies":[{"embeddable":true,"href":"https:\/\/www.fondazionecsc.it\/en\/wp-json\/wp\/v2\/comments?post=117396"}],"version-history":[{"count":41,"href":"https:\/\/www.fondazionecsc.it\/en\/wp-json\/wp\/v2\/pages\/117396\/revisions"}],"predecessor-version":[{"id":129812,"href":"https:\/\/www.fondazionecsc.it\/en\/wp-json\/wp\/v2\/pages\/117396\/revisions\/129812"}],"up":[{"embeddable":true,"href":"https:\/\/www.fondazionecsc.it\/en\/wp-json\/wp\/v2\/pages\/117406"}],"wp:featuredmedia":[{"embeddable":true,"href":"https:\/\/www.fondazionecsc.it\/en\/wp-json\/wp\/v2\/media\/38742"}],"wp:attachment":[{"href":"https:\/\/www.fondazionecsc.it\/en\/wp-json\/wp\/v2\/media?parent=117396"}],"wp:term":[{"taxonomy":"settore","embeddable":true,"href":"https:\/\/www.fondazionecsc.it\/en\/wp-json\/wp\/v2\/settore?post=117396"}],"curies":[{"name":"wp","href":"https:\/\/api.w.org\/{rel}","templated":true}]}}