{"id":112778,"date":"2023-01-16T16:49:14","date_gmt":"2023-01-16T15:49:14","guid":{"rendered":"https:\/\/www.fondazionecsc.it\/erasmus\/"},"modified":"2025-12-16T15:33:18","modified_gmt":"2025-12-16T13:33:18","slug":"erasmus","status":"publish","type":"page","link":"https:\/\/www.fondazionecsc.it\/en\/erasmus\/","title":{"rendered":"Erasmus +"},"content":{"rendered":"\n    <script>\n        jQuery(function() {\n        });\n    <\/script>\n<section id=\"c2i-breadcrumbs-page\" class=\"c2i-breadcrumbs\">\n    <div class=\"container-fluid\">\n        <div class=\"row\">\n            <div class=\"col-12\">\n                <div class=\"c2i-breadcrumbs-area\"><a href=\"https:\/\/www.fondazionecsc.it\/en\/\">Home<\/a> > Erasmus +<\/div>\n            <\/div>\n        <\/div>\n    <\/div>\n<\/section>\n\n\r\n            <script>\r\n                jQuery(function() {\r\n                });\r\n            <\/script>\r\n        <section class=\"c2i-titolo\">\r\n            <div class=\"container\">\r\n                <div class=\"row\">\r\n                    <div class=\"col-12\">\r\n                        <div class=\"c2i-titolo-container\">\r\n        <div class=\"c2i-titolo-title\"><h1>Erasmus +<\/h1><\/div>\r\n                        <\/div>\r\n                    <\/div>\r\n                <\/div>\r\n            <\/div>\r\n        <\/section>\n\n\n    <script>\n        jQuery(function() {\n        });\n    <\/script>\n<section class=\"c2i-testo c2i-testo-normal\">\n    <div class=\"container\">\n        <div class=\"row\">\n            <div class=\"col-12\">\n\n            <\/div>\n        <\/div>\n    <\/div>\n<\/section>\n\n\n<div class=\"wp-block-group is-nowrap is-layout-flex wp-container-core-group-is-layout-ad2f72ca wp-block-group-is-layout-flex\">\n<p><\/p>\n\n\n\n    <script>\n        jQuery(function() {\n        });\n    <\/script>\n<section class=\"c2i-testo c2i-testo-normal c2i-testo-center\">\n    <div class=\"container\">\n        <div class=\"row\">\n            <div class=\"col-12\">\n<div class=\"c2i-testo-title\"><p><strong>Erasmus +<\/strong> (2021-2027) is the new <strong>EU programme for education<\/strong>, training, youth and sport, which allows a student to benefit from one or more scholarships at an Erasmus European University within the same study cycle for a maximum of <strong>12 months<\/strong>. The programme encourages learning and understanding the culture of the host Country, fostering a sense of integration among students from different countries.<\/p>\n<p>Founding member of the <strong>Centre International de Liaison des \u00c9coles de Cin\u00e9ma et de T\u00e9l\u00e9vision<\/strong>, the <strong>Scuola Nazionale di Cinema<\/strong> participates in the Erasmus program as part of the strategic plan for its internationalization, aiming to create international collaborations with institutions that offer educational programs in the fields of Cinema and Audiovisual. These collaborations will support interactions, intercultural exchanges, and the training of students through the dissemination and learning of the contemporary art practice.<\/p>\n<p><strong>Attachments to download:<\/strong><br \/>\n<strong><a href=\"https:\/\/www.fondazionecsc.it\/wp-content\/uploads\/2023\/01\/CSC_EPS.pdf\">ERASMUS POLICY STATEMENT 2021-2027<\/a><br \/>\n<a href=\"https:\/\/www.fondazionecsc.it\/wp-content\/uploads\/2023\/01\/CSC_Erasmus-Charter-for-Higher-Education.pdf\">ERASMUS CHARTER FOR HIGHER EDUCATION 2021-2027<\/a><\/strong><\/p>\n<p><strong>Contact: <a href=\"mailto:international@fondazionecsc.it\">international@fondazionecsc.it<\/a><\/strong><\/p>\n<p><b>Download the <a href=\"https:\/\/www.fondazionecsc.it\/wp-content\/uploads\/2025\/12\/GRADUATORIA_ERASMUS_2025-2026_B-1.pdf\">ranking 2025-2026<\/a><\/b><\/p>\n<p>&nbsp;<\/p>\n<p>&nbsp;<\/p>\n<\/div>\n            <\/div>\n        <\/div>\n    <\/div>\n<\/section><\/div>\n\n\n\n<div style=\"height:40px\" aria-hidden=\"true\" class=\"wp-block-spacer\"><\/div>\n\n\n<div class=\"c2i-corso-sidebar-block-file-list\"><\/div>\n    <script>\n        jQuery(function() {\n        });\n    <\/script>\n<section class=\"c2i-download\">\n        <div class=\"container\">\n            <div class=\"row\">\n                <div class=\"col-12\">\n                    <div class=\"c2i-download-container\">\n    \n            <div class=\"c2i-corso-sidebar-block-file-item\">\n                <div class=\"c2i-corso-sidebar-block-file-item-name\"><a href=\"https:\/\/www.fondazionecsc.it\/wp-content\/uploads\/2025\/12\/GRADUATORIA_ERASMUS_2025-2026_B-1.pdf\" target=\"_blank\">Download the ranking<\/a><\/div>\n                <div class=\"c2i-corso-sidebar-block-file-item-download\"><a href=\"https:\/\/www.fondazionecsc.it\/wp-content\/uploads\/2025\/12\/GRADUATORIA_ERASMUS_2025-2026_B-1.pdf\" target=\"_blank\"><img decoding=\"async\" src=\"https:\/\/www.fondazionecsc.it\/wp-content\/themes\/understrap-child\/img\/download.svg\" alt=\"Download\"> DOWNLOAD<\/a><\/div>\n            <\/div>\n        \n                    <\/div>\n                <\/div>\n            <\/div>\n        <\/div>\n    <\/section>","protected":false},"excerpt":{"rendered":"","protected":false},"author":2,"featured_media":103349,"parent":0,"menu_order":0,"comment_status":"closed","ping_status":"closed","template":"page-templates\/fullwidthpage.php","meta":{"_acf_changed":false,"footnotes":""},"settore":[78,81],"class_list":["post-112778","page","type-page","status-publish","has-post-thumbnail","hentry","settore-istituzionali-en","settore-scuola-en"],"acf":[],"yoast_head":"<!-- This site is optimized with the Yoast SEO plugin v27.5 - https:\/\/yoast.com\/product\/yoast-seo-wordpress\/ -->\n<title>Erasmus + Centro Sperimentale di Cinematografia | CSC<\/title>\n<meta name=\"description\" content=\"ART BONUS, \u00e8 un provvedimento del Ministero dei Beni e delle Attivit\u00e0 Culturali e del Turismo che rappresenta un\u2019importante novit\u00e0 in materia di erogazioni liberali applicate ai beni culturali. Una grande opportunit\u00e0 per valorizzare il patrimonio storico-artistico italiano.\" \/>\n<meta name=\"robots\" content=\"index, follow, max-snippet:-1, max-image-preview:large, max-video-preview:-1\" \/>\n<link rel=\"canonical\" href=\"https:\/\/www.fondazionecsc.it\/en\/erasmus\/\" \/>\n<meta property=\"og:locale\" content=\"en_US\" \/>\n<meta property=\"og:type\" content=\"article\" \/>\n<meta property=\"og:title\" content=\"Erasmus + Centro Sperimentale di Cinematografia | CSC\" \/>\n<meta property=\"og:description\" content=\"ART BONUS, \u00e8 un provvedimento del Ministero dei Beni e delle Attivit\u00e0 Culturali e del Turismo che rappresenta un\u2019importante novit\u00e0 in materia di erogazioni liberali applicate ai beni culturali. Una grande opportunit\u00e0 per valorizzare il patrimonio storico-artistico italiano.\" \/>\n<meta property=\"og:url\" content=\"https:\/\/www.fondazionecsc.it\/en\/erasmus\/\" \/>\n<meta property=\"og:site_name\" content=\"Centro Sperimentale di Cinematografia\" \/>\n<meta property=\"article:modified_time\" content=\"2025-12-16T13:33:18+00:00\" \/>\n<meta property=\"og:image\" content=\"https:\/\/www.fondazionecsc.it\/wp-content\/uploads\/2022\/05\/foto-bando-per-sitoOKok.jpg\" \/>\n\t<meta property=\"og:image:width\" content=\"1800\" \/>\n\t<meta property=\"og:image:height\" content=\"806\" \/>\n\t<meta property=\"og:image:type\" content=\"image\/jpeg\" \/>\n<meta name=\"twitter:card\" content=\"summary_large_image\" \/>\n<meta name=\"twitter:label1\" content=\"Est. reading time\" \/>\n\t<meta name=\"twitter:data1\" content=\"1 minute\" \/>\n<script type=\"application\/ld+json\" class=\"yoast-schema-graph\">{\"@context\":\"https:\\\/\\\/schema.org\",\"@graph\":[{\"@type\":\"WebPage\",\"@id\":\"https:\\\/\\\/www.fondazionecsc.it\\\/en\\\/erasmus\\\/\",\"url\":\"https:\\\/\\\/www.fondazionecsc.it\\\/en\\\/erasmus\\\/\",\"name\":\"Erasmus + Centro Sperimentale di Cinematografia | CSC\",\"isPartOf\":{\"@id\":\"https:\\\/\\\/www.fondazionecsc.it\\\/en\\\/#website\"},\"primaryImageOfPage\":{\"@id\":\"https:\\\/\\\/www.fondazionecsc.it\\\/en\\\/erasmus\\\/#primaryimage\"},\"image\":{\"@id\":\"https:\\\/\\\/www.fondazionecsc.it\\\/en\\\/erasmus\\\/#primaryimage\"},\"thumbnailUrl\":\"https:\\\/\\\/www.fondazionecsc.it\\\/wp-content\\\/uploads\\\/2022\\\/05\\\/foto-bando-per-sitoOKok.jpg\",\"datePublished\":\"2023-01-16T15:49:14+00:00\",\"dateModified\":\"2025-12-16T13:33:18+00:00\",\"description\":\"ART BONUS, \u00e8 un provvedimento del Ministero dei Beni e delle Attivit\u00e0 Culturali e del Turismo che rappresenta un\u2019importante novit\u00e0 in materia di erogazioni liberali applicate ai beni culturali. Una grande opportunit\u00e0 per valorizzare il patrimonio storico-artistico italiano.\",\"breadcrumb\":{\"@id\":\"https:\\\/\\\/www.fondazionecsc.it\\\/en\\\/erasmus\\\/#breadcrumb\"},\"inLanguage\":\"en-US\",\"potentialAction\":[{\"@type\":\"ReadAction\",\"target\":[\"https:\\\/\\\/www.fondazionecsc.it\\\/en\\\/erasmus\\\/\"]}]},{\"@type\":\"ImageObject\",\"inLanguage\":\"en-US\",\"@id\":\"https:\\\/\\\/www.fondazionecsc.it\\\/en\\\/erasmus\\\/#primaryimage\",\"url\":\"https:\\\/\\\/www.fondazionecsc.it\\\/wp-content\\\/uploads\\\/2022\\\/05\\\/foto-bando-per-sitoOKok.jpg\",\"contentUrl\":\"https:\\\/\\\/www.fondazionecsc.it\\\/wp-content\\\/uploads\\\/2022\\\/05\\\/foto-bando-per-sitoOKok.jpg\",\"width\":1800,\"height\":806,\"caption\":\"Allievi CSC al lavoro\"},{\"@type\":\"BreadcrumbList\",\"@id\":\"https:\\\/\\\/www.fondazionecsc.it\\\/en\\\/erasmus\\\/#breadcrumb\",\"itemListElement\":[{\"@type\":\"ListItem\",\"position\":1,\"name\":\"Home\",\"item\":\"https:\\\/\\\/www.fondazionecsc.it\\\/en\\\/\"},{\"@type\":\"ListItem\",\"position\":2,\"name\":\"Erasmus +\"}]},{\"@type\":\"WebSite\",\"@id\":\"https:\\\/\\\/www.fondazionecsc.it\\\/en\\\/#website\",\"url\":\"https:\\\/\\\/www.fondazionecsc.it\\\/en\\\/\",\"name\":\"Centro Sperimentale di Cinematografia\",\"description\":\"\",\"potentialAction\":[{\"@type\":\"SearchAction\",\"target\":{\"@type\":\"EntryPoint\",\"urlTemplate\":\"https:\\\/\\\/www.fondazionecsc.it\\\/en\\\/?s={search_term_string}\"},\"query-input\":{\"@type\":\"PropertyValueSpecification\",\"valueRequired\":true,\"valueName\":\"search_term_string\"}}],\"inLanguage\":\"en-US\"}]}<\/script>\n<!-- \/ Yoast SEO plugin. -->","yoast_head_json":{"title":"Erasmus + Centro Sperimentale di Cinematografia | CSC","description":"ART BONUS, \u00e8 un provvedimento del Ministero dei Beni e delle Attivit\u00e0 Culturali e del Turismo che rappresenta un\u2019importante novit\u00e0 in materia di erogazioni liberali applicate ai beni culturali. Una grande opportunit\u00e0 per valorizzare il patrimonio storico-artistico italiano.","robots":{"index":"index","follow":"follow","max-snippet":"max-snippet:-1","max-image-preview":"max-image-preview:large","max-video-preview":"max-video-preview:-1"},"canonical":"https:\/\/www.fondazionecsc.it\/en\/erasmus\/","og_locale":"en_US","og_type":"article","og_title":"Erasmus + Centro Sperimentale di Cinematografia | CSC","og_description":"ART BONUS, \u00e8 un provvedimento del Ministero dei Beni e delle Attivit\u00e0 Culturali e del Turismo che rappresenta un\u2019importante novit\u00e0 in materia di erogazioni liberali applicate ai beni culturali. Una grande opportunit\u00e0 per valorizzare il patrimonio storico-artistico italiano.","og_url":"https:\/\/www.fondazionecsc.it\/en\/erasmus\/","og_site_name":"Centro Sperimentale di Cinematografia","article_modified_time":"2025-12-16T13:33:18+00:00","og_image":[{"width":1800,"height":806,"url":"https:\/\/www.fondazionecsc.it\/wp-content\/uploads\/2022\/05\/foto-bando-per-sitoOKok.jpg","type":"image\/jpeg"}],"twitter_card":"summary_large_image","twitter_misc":{"Est. reading time":"1 minute"},"schema":{"@context":"https:\/\/schema.org","@graph":[{"@type":"WebPage","@id":"https:\/\/www.fondazionecsc.it\/en\/erasmus\/","url":"https:\/\/www.fondazionecsc.it\/en\/erasmus\/","name":"Erasmus + Centro Sperimentale di Cinematografia | CSC","isPartOf":{"@id":"https:\/\/www.fondazionecsc.it\/en\/#website"},"primaryImageOfPage":{"@id":"https:\/\/www.fondazionecsc.it\/en\/erasmus\/#primaryimage"},"image":{"@id":"https:\/\/www.fondazionecsc.it\/en\/erasmus\/#primaryimage"},"thumbnailUrl":"https:\/\/www.fondazionecsc.it\/wp-content\/uploads\/2022\/05\/foto-bando-per-sitoOKok.jpg","datePublished":"2023-01-16T15:49:14+00:00","dateModified":"2025-12-16T13:33:18+00:00","description":"ART BONUS, \u00e8 un provvedimento del Ministero dei Beni e delle Attivit\u00e0 Culturali e del Turismo che rappresenta un\u2019importante novit\u00e0 in materia di erogazioni liberali applicate ai beni culturali. Una grande opportunit\u00e0 per valorizzare il patrimonio storico-artistico italiano.","breadcrumb":{"@id":"https:\/\/www.fondazionecsc.it\/en\/erasmus\/#breadcrumb"},"inLanguage":"en-US","potentialAction":[{"@type":"ReadAction","target":["https:\/\/www.fondazionecsc.it\/en\/erasmus\/"]}]},{"@type":"ImageObject","inLanguage":"en-US","@id":"https:\/\/www.fondazionecsc.it\/en\/erasmus\/#primaryimage","url":"https:\/\/www.fondazionecsc.it\/wp-content\/uploads\/2022\/05\/foto-bando-per-sitoOKok.jpg","contentUrl":"https:\/\/www.fondazionecsc.it\/wp-content\/uploads\/2022\/05\/foto-bando-per-sitoOKok.jpg","width":1800,"height":806,"caption":"Allievi CSC al lavoro"},{"@type":"BreadcrumbList","@id":"https:\/\/www.fondazionecsc.it\/en\/erasmus\/#breadcrumb","itemListElement":[{"@type":"ListItem","position":1,"name":"Home","item":"https:\/\/www.fondazionecsc.it\/en\/"},{"@type":"ListItem","position":2,"name":"Erasmus +"}]},{"@type":"WebSite","@id":"https:\/\/www.fondazionecsc.it\/en\/#website","url":"https:\/\/www.fondazionecsc.it\/en\/","name":"Centro Sperimentale di Cinematografia","description":"","potentialAction":[{"@type":"SearchAction","target":{"@type":"EntryPoint","urlTemplate":"https:\/\/www.fondazionecsc.it\/en\/?s={search_term_string}"},"query-input":{"@type":"PropertyValueSpecification","valueRequired":true,"valueName":"search_term_string"}}],"inLanguage":"en-US"}]}},"_links":{"self":[{"href":"https:\/\/www.fondazionecsc.it\/en\/wp-json\/wp\/v2\/pages\/112778","targetHints":{"allow":["GET"]}}],"collection":[{"href":"https:\/\/www.fondazionecsc.it\/en\/wp-json\/wp\/v2\/pages"}],"about":[{"href":"https:\/\/www.fondazionecsc.it\/en\/wp-json\/wp\/v2\/types\/page"}],"author":[{"embeddable":true,"href":"https:\/\/www.fondazionecsc.it\/en\/wp-json\/wp\/v2\/users\/2"}],"replies":[{"embeddable":true,"href":"https:\/\/www.fondazionecsc.it\/en\/wp-json\/wp\/v2\/comments?post=112778"}],"version-history":[{"count":38,"href":"https:\/\/www.fondazionecsc.it\/en\/wp-json\/wp\/v2\/pages\/112778\/revisions"}],"predecessor-version":[{"id":158253,"href":"https:\/\/www.fondazionecsc.it\/en\/wp-json\/wp\/v2\/pages\/112778\/revisions\/158253"}],"wp:featuredmedia":[{"embeddable":true,"href":"https:\/\/www.fondazionecsc.it\/en\/wp-json\/wp\/v2\/media\/103349"}],"wp:attachment":[{"href":"https:\/\/www.fondazionecsc.it\/en\/wp-json\/wp\/v2\/media?parent=112778"}],"wp:term":[{"taxonomy":"settore","embeddable":true,"href":"https:\/\/www.fondazionecsc.it\/en\/wp-json\/wp\/v2\/settore?post=112778"}],"curies":[{"name":"wp","href":"https:\/\/api.w.org\/{rel}","templated":true}]}}